{"id":1005,"date":"2024-06-19T14:35:02","date_gmt":"2024-06-19T17:35:02","guid":{"rendered":"https:\/\/dantepinturerias.com\/international\/?page_id=1005"},"modified":"2024-06-19T14:53:53","modified_gmt":"2024-06-19T17:53:53","slug":"noticias","status":"publish","type":"page","link":"https:\/\/dantepinturerias.com\/international\/noticias\/","title":{"rendered":"Noticias"},"content":{"rendered":"\t<section class=\"section\" id=\"section_1302825317\">\n\t\t<div class=\"bg section-bg fill bg-fill  bg-loaded\" >\n\n\t\t\t\n\t\t\t\n\t\t\t\n\n\t\t<\/div>\n\n\t\t\n\n\t\t<div class=\"section-content relative\">\n\t\t\t\n<div class=\"row\"  id=\"row-624741992\">\n\n\t<div id=\"col-1531408880\" class=\"col small-12 large-12\"  >\n\t\t\t\t<div class=\"col-inner\"  >\n\t\t\t\n\t\t\t\n<div class=\"container section-title-container\" ><h1 class=\"section-title section-title-normal\"><b><\/b><span class=\"section-title-main\" >\u00daltimas Noticias<\/span><b><\/b><\/h1><\/div>\n\n  \n    <div class=\"row large-columns-3 medium-columns-1 small-columns-1 slider row-slider slider-nav-reveal slider-nav-push\"  data-flickity-options='{\"imagesLoaded\": true, \"groupCells\": \"100%\", \"dragThreshold\" : 5, \"cellAlign\": \"left\",\"wrapAround\": true,\"prevNextButtons\": true,\"percentPosition\": true,\"pageDots\": false, \"rightToLeft\": false, \"autoPlay\" : false}' >\n\n  <div class=\"col post-item\" >\n\t\t\t<div class=\"col-inner\">\n\t\t\t\t<div class=\"box box-normal box-text-bottom box-blog-post has-hover\">\n            \t\t\t\t\t<div class=\"box-image\" >\n  \t\t\t\t\t\t<div class=\"image-cover\" style=\"padding-top:56.25%;\">\n\t\t\t\t\t\t\t<a href=\"https:\/\/dantepinturerias.com\/international\/uno-de-cada-dos-barriles-de-petroleo-ya-provienen-de-vaca-muerta\/\" class=\"plain\" aria-label=\"Uno de cada dos barriles de petr\u00f3leo ya provienen de Vaca Muerta\">\n\t\t\t\t\t\t\t\t<img loading=\"lazy\" decoding=\"async\" width=\"300\" height=\"169\" src=\"https:\/\/dantepinturerias.com\/international\/wp-content\/uploads\/2024\/06\/vaca-muerta3-300x169.jpg\" class=\"attachment-medium size-medium wp-post-image\" alt=\"\" srcset=\"https:\/\/dantepinturerias.com\/international\/wp-content\/uploads\/2024\/06\/vaca-muerta3-300x169.jpg 300w, https:\/\/dantepinturerias.com\/international\/wp-content\/uploads\/2024\/06\/vaca-muerta3-768x432.jpg 768w, https:\/\/dantepinturerias.com\/international\/wp-content\/uploads\/2024\/06\/vaca-muerta3-510x287.jpg 510w, https:\/\/dantepinturerias.com\/international\/wp-content\/uploads\/2024\/06\/vaca-muerta3.jpg 885w\" sizes=\"auto, (max-width: 300px) 100vw, 300px\" \/>\t\t\t\t\t\t\t<\/a>\n  \t\t\t\t\t\t\t  \t\t\t\t\t\t\t  \t\t\t\t\t\t<\/div>\n  \t\t\t\t\t\t  \t\t\t\t\t<\/div>\n          \t\t\t\t\t<div class=\"box-text text-center\" >\n\t\t\t\t\t<div class=\"box-text-inner blog-post-inner\">\n\n\t\t\t\t\t\n\t\t\t\t\t\t\t\t\t\t<h5 class=\"post-title is-large \">\n\t\t\t\t\t\t<a href=\"https:\/\/dantepinturerias.com\/international\/uno-de-cada-dos-barriles-de-petroleo-ya-provienen-de-vaca-muerta\/\" class=\"plain\">Uno de cada dos barriles de petr\u00f3leo ya provienen de Vaca Muerta<\/a>\n\t\t\t\t\t<\/h5>\n\t\t\t\t\t\t\t\t\t\t<div class=\"is-divider\"><\/div>\n\t\t\t\t\t\t\t\t\t\t<p class=\"from_the_blog_excerpt \">\n\t\t\t\t\t\tLa transformaci\u00f3n en el panorama energ\u00e9tico argentino ha sido notable en los \u00faltimos a\u00f1os, especialmente con el ascenso[Ver M\u00e1s]\t\t\t\t\t<\/p>\n\t\t\t\t\t                    \n\t\t\t\t\t\n\t\t\t\t\t\n\t\t\t\t\t<\/div>\n\t\t\t\t\t<\/div>\n\t\t\t\t\t\t\t\t\t<\/div>\n\t\t\t<\/div>\n\t\t<\/div><div class=\"col post-item\" >\n\t\t\t<div class=\"col-inner\">\n\t\t\t\t<div class=\"box box-normal box-text-bottom box-blog-post has-hover\">\n            \t\t\t\t\t<div class=\"box-image\" >\n  \t\t\t\t\t\t<div class=\"image-cover\" style=\"padding-top:56.25%;\">\n\t\t\t\t\t\t\t<a href=\"https:\/\/dantepinturerias.com\/international\/el-ritmo-del-fracking-en-vaca-muerta-continua-superando-las-expectativas\/\" class=\"plain\" aria-label=\"El ritmo del fracking en Vaca Muerta contin\u00faa superando las expectativas\">\n\t\t\t\t\t\t\t\t<img loading=\"lazy\" decoding=\"async\" width=\"300\" height=\"166\" src=\"https:\/\/dantepinturerias.com\/international\/wp-content\/uploads\/2024\/06\/vaca-muerta2-300x166.jpg\" class=\"attachment-medium size-medium wp-post-image\" alt=\"\" srcset=\"https:\/\/dantepinturerias.com\/international\/wp-content\/uploads\/2024\/06\/vaca-muerta2-300x166.jpg 300w, https:\/\/dantepinturerias.com\/international\/wp-content\/uploads\/2024\/06\/vaca-muerta2-768x424.jpg 768w, https:\/\/dantepinturerias.com\/international\/wp-content\/uploads\/2024\/06\/vaca-muerta2-510x281.jpg 510w, https:\/\/dantepinturerias.com\/international\/wp-content\/uploads\/2024\/06\/vaca-muerta2.jpg 886w\" sizes=\"auto, (max-width: 300px) 100vw, 300px\" \/>\t\t\t\t\t\t\t<\/a>\n  \t\t\t\t\t\t\t  \t\t\t\t\t\t\t  \t\t\t\t\t\t<\/div>\n  \t\t\t\t\t\t  \t\t\t\t\t<\/div>\n          \t\t\t\t\t<div class=\"box-text text-center\" >\n\t\t\t\t\t<div class=\"box-text-inner blog-post-inner\">\n\n\t\t\t\t\t\n\t\t\t\t\t\t\t\t\t\t<h5 class=\"post-title is-large \">\n\t\t\t\t\t\t<a href=\"https:\/\/dantepinturerias.com\/international\/el-ritmo-del-fracking-en-vaca-muerta-continua-superando-las-expectativas\/\" class=\"plain\">El ritmo del fracking en Vaca Muerta contin\u00faa superando las expectativas<\/a>\n\t\t\t\t\t<\/h5>\n\t\t\t\t\t\t\t\t\t\t<div class=\"is-divider\"><\/div>\n\t\t\t\t\t\t\t\t\t\t<p class=\"from_the_blog_excerpt \">\n\t\t\t\t\t\tEl ritmo de actividad en Vaca Muerta ha demostrado una resistencia notable en los \u00faltimos meses, manteni\u00e9ndose por[Ver M\u00e1s]\t\t\t\t\t<\/p>\n\t\t\t\t\t                    \n\t\t\t\t\t\n\t\t\t\t\t\n\t\t\t\t\t<\/div>\n\t\t\t\t\t<\/div>\n\t\t\t\t\t\t\t\t\t<\/div>\n\t\t\t<\/div>\n\t\t<\/div><\/div>\n\t\t<\/div>\n\t\t\t\t\t<\/div>\n\n\t\n<\/div>\n\t\t<\/div>\n\n\t\t\n<style>\n#section_1302825317 {\n  padding-top: 30px;\n  padding-bottom: 30px;\n}\n<\/style>\n\t<\/section>\n\t\n","protected":false},"excerpt":{"rendered":"","protected":false},"author":1,"featured_media":0,"parent":0,"menu_order":0,"comment_status":"closed","ping_status":"closed","template":"","meta":{"footnotes":""},"class_list":["post-1005","page","type-page","status-publish","hentry"],"_links":{"self":[{"href":"https:\/\/dantepinturerias.com\/international\/wp-json\/wp\/v2\/pages\/1005","targetHints":{"allow":["GET"]}}],"collection":[{"href":"https:\/\/dantepinturerias.com\/international\/wp-json\/wp\/v2\/pages"}],"about":[{"href":"https:\/\/dantepinturerias.com\/international\/wp-json\/wp\/v2\/types\/page"}],"author":[{"embeddable":true,"href":"https:\/\/dantepinturerias.com\/international\/wp-json\/wp\/v2\/users\/1"}],"replies":[{"embeddable":true,"href":"https:\/\/dantepinturerias.com\/international\/wp-json\/wp\/v2\/comments?post=1005"}],"version-history":[{"count":3,"href":"https:\/\/dantepinturerias.com\/international\/wp-json\/wp\/v2\/pages\/1005\/revisions"}],"predecessor-version":[{"id":1024,"href":"https:\/\/dantepinturerias.com\/international\/wp-json\/wp\/v2\/pages\/1005\/revisions\/1024"}],"wp:attachment":[{"href":"https:\/\/dantepinturerias.com\/international\/wp-json\/wp\/v2\/media?parent=1005"}],"curies":[{"name":"wp","href":"https:\/\/api.w.org\/{rel}","templated":true}]}}