{"id":149,"date":"2024-05-10T15:39:03","date_gmt":"2024-05-10T18:39:03","guid":{"rendered":"https:\/\/dantepinturerias.com\/international\/producto\/devthane-379n\/"},"modified":"2024-06-21T22:39:43","modified_gmt":"2024-06-22T01:39:43","slug":"devthane-379n","status":"publish","type":"product","link":"https:\/\/dantepinturerias.com\/international\/producto\/devthane-379n\/","title":{"rendered":"Devthane 379N"},"content":{"rendered":"<h3>Caracter\u00edsticas<\/h3>\n<table>\n<tr>\n<td>Qu\u00edmica del Producto<\/td>\n<td>Aliphatic Poliuretano<\/td>\n<\/tr>\n<tr>\n<td>S\u00f3lidos de Volumen<\/td>\n<td>71<\/td>\n<\/tr>\n<tr>\n<td>Contenido VOC (m\u00e9todo EPA)<\/td>\n<td>241 g\/lt<\/td>\n<\/tr>\n<tr>\n<td>Opciones de Color<\/td>\n<td>,Green<\/td>\n<\/tr>\n<tr>\n<td>Espesor m\u00e1ximo de pel\u00edcula seca<\/td>\n<td>76<\/td>\n<\/tr>\n<tr>\n<td>Espesor m\u00ednimo de pel\u00edcula seca<\/td>\n<td>50<\/td>\n<\/tr>\n<tr>\n<td>N\u00famero de componentes<\/td>\n<td>Multi Pack<\/td>\n<\/tr>\n<\/table>\n","protected":false},"excerpt":{"rendered":"<p>Para uso en pisos de acero, concreto o acero adecuadamente preparados e imprimados, mamposter\u00eda, paneles de yeso, yeso,<br \/>metal, bloques de concreto, galvanizado, aluminio, concreto vertido y ladrillo vidriado. Ideal para uso en<br \/>estructuras de acero exteriores o interiores, tuber\u00edas, edificios met\u00e1licos, gabinetes de control, transportadores, bombas, exteriores de tanques de almacenamiento<br \/>, motores, maquinaria y veh\u00edculos de transporte.<br \/>Tambi\u00e9n se puede usar en las \u00e1reas de servicio duro de plantas procesadoras de alimentos, lecher\u00edas, escuelas, restaurantes,<br \/>hospitales, instalaciones correccionales, f\u00e1bricas, estadios, arenas y parques de diversiones <a href=\"https:\/\/international.brand.akzonobel.com\/m\/36700d0d3e9b6b66\/original\/Devthane_379N_eng_usa_LTR_20170913.pdf\" target=\"_blank\" class=\"btFicha\" download rel=\"noopener\">Ver Ficha T\u00e9cnica<\/a><\/p>\n","protected":false},"featured_media":150,"template":"","meta":[],"product_cat":[17],"product_tag":[],"class_list":{"0":"post-149","1":"product","2":"type-product","3":"status-publish","4":"has-post-thumbnail","6":"product_cat-acabado","8":"first","9":"instock","10":"purchasable","11":"product-type-simple"},"_links":{"self":[{"href":"https:\/\/dantepinturerias.com\/international\/wp-json\/wp\/v2\/product\/149","targetHints":{"allow":["GET"]}}],"collection":[{"href":"https:\/\/dantepinturerias.com\/international\/wp-json\/wp\/v2\/product"}],"about":[{"href":"https:\/\/dantepinturerias.com\/international\/wp-json\/wp\/v2\/types\/product"}],"wp:featuredmedia":[{"embeddable":true,"href":"https:\/\/dantepinturerias.com\/international\/wp-json\/wp\/v2\/media\/150"}],"wp:attachment":[{"href":"https:\/\/dantepinturerias.com\/international\/wp-json\/wp\/v2\/media?parent=149"}],"wp:term":[{"taxonomy":"product_cat","embeddable":true,"href":"https:\/\/dantepinturerias.com\/international\/wp-json\/wp\/v2\/product_cat?post=149"},{"taxonomy":"product_tag","embeddable":true,"href":"https:\/\/dantepinturerias.com\/international\/wp-json\/wp\/v2\/product_tag?post=149"}],"curies":[{"name":"wp","href":"https:\/\/api.w.org\/{rel}","templated":true}]}}