{"id":153,"date":"2024-05-10T15:39:03","date_gmt":"2024-05-10T18:39:03","guid":{"rendered":"https:\/\/dantepinturerias.com\/international\/producto\/interthane-990v\/"},"modified":"2024-06-21T22:39:43","modified_gmt":"2024-06-22T01:39:43","slug":"interthane-990v","status":"publish","type":"product","link":"https:\/\/dantepinturerias.com\/international\/producto\/interthane-990v\/","title":{"rendered":"Interthane 990V"},"content":{"rendered":"<h3>Caracter\u00edsticas<\/h3>\n<table>\n<tr>\n<td>Qu\u00edmica del Producto<\/td>\n<td>Aliphatic Poliuretano<\/td>\n<\/tr>\n<tr>\n<td>S\u00f3lidos de Volumen<\/td>\n<td>71<\/td>\n<\/tr>\n<tr>\n<td>Contenido VOC (m\u00e9todo EPA)<\/td>\n<td>241 g\/lt<\/td>\n<\/tr>\n<tr>\n<td>Opciones de Color<\/td>\n<td>Disponible en Chromascan<\/td>\n<\/tr>\n<tr>\n<td>Espesor m\u00e1ximo de pel\u00edcula seca<\/td>\n<td>76<\/td>\n<\/tr>\n<tr>\n<td>Espesor m\u00ednimo de pel\u00edcula seca<\/td>\n<td>50<\/td>\n<\/tr>\n<tr>\n<td>N\u00famero de componentes<\/td>\n<td>Multi Pack<\/td>\n<\/tr>\n<\/table>\n","protected":false},"excerpt":{"rendered":"<p>Un acabado de poliuretano acr\u00edlico modificado de dos componentes, con bajo VOC, que brinda excelente durabilidad y capacidad de repintado a largo plazo, para uso sobre superficies imprimadas correctamente preparadas. Este producto tambi\u00e9n est\u00e1 libre de HAPS y exento de solventes. International Paint tambi\u00e9n ofrece Interthane 990V en un acabado blanco brillante resistente al moho. Comun\u00edquese con su representante de International Paint para obtener informaci\u00f3n adicional. <a href=\"https:\/\/international.brand.akzonobel.com\/m\/fa5daeea8431e9d\/original\/Interthane_990V_spa_usa_LTR_20221020.pdf\" target=\"_blank\" class=\"btFicha\" download rel=\"noopener\">Ver Ficha T\u00e9cnica<\/a><\/p>\n","protected":false},"featured_media":154,"template":"","meta":[],"product_cat":[17],"product_tag":[],"class_list":{"0":"post-153","1":"product","2":"type-product","3":"status-publish","4":"has-post-thumbnail","6":"product_cat-acabado","8":"first","9":"instock","10":"purchasable","11":"product-type-simple"},"_links":{"self":[{"href":"https:\/\/dantepinturerias.com\/international\/wp-json\/wp\/v2\/product\/153","targetHints":{"allow":["GET"]}}],"collection":[{"href":"https:\/\/dantepinturerias.com\/international\/wp-json\/wp\/v2\/product"}],"about":[{"href":"https:\/\/dantepinturerias.com\/international\/wp-json\/wp\/v2\/types\/product"}],"wp:featuredmedia":[{"embeddable":true,"href":"https:\/\/dantepinturerias.com\/international\/wp-json\/wp\/v2\/media\/154"}],"wp:attachment":[{"href":"https:\/\/dantepinturerias.com\/international\/wp-json\/wp\/v2\/media?parent=153"}],"wp:term":[{"taxonomy":"product_cat","embeddable":true,"href":"https:\/\/dantepinturerias.com\/international\/wp-json\/wp\/v2\/product_cat?post=153"},{"taxonomy":"product_tag","embeddable":true,"href":"https:\/\/dantepinturerias.com\/international\/wp-json\/wp\/v2\/product_tag?post=153"}],"curies":[{"name":"wp","href":"https:\/\/api.w.org\/{rel}","templated":true}]}}