{"id":155,"date":"2024-05-10T15:39:03","date_gmt":"2024-05-10T18:39:03","guid":{"rendered":"https:\/\/dantepinturerias.com\/international\/producto\/interfine-629\/"},"modified":"2024-06-21T22:39:43","modified_gmt":"2024-06-22T01:39:43","slug":"interfine-629","status":"publish","type":"product","link":"https:\/\/dantepinturerias.com\/international\/producto\/interfine-629\/","title":{"rendered":"Interfine 629"},"content":{"rendered":"<h3>Caracter\u00edsticas<\/h3>\n<table>\n<tr>\n<td>Qu\u00edmica del Producto<\/td>\n<td>Acrylic<\/td>\n<\/tr>\n<tr>\n<td>S\u00f3lidos de Volumen<\/td>\n<td>50<\/td>\n<\/tr>\n<tr>\n<td>Contenido VOC (m\u00e9todo EPA)<\/td>\n<td>g\/lt<\/td>\n<\/tr>\n<tr>\n<td>Opciones de Color<\/td>\n<td>Disponible en Chromascan<\/td>\n<\/tr>\n<tr>\n<td>Espesor m\u00e1ximo de pel\u00edcula seca<\/td>\n<td>80<\/td>\n<\/tr>\n<tr>\n<td>Espesor m\u00ednimo de pel\u00edcula seca<\/td>\n<td>60<\/td>\n<\/tr>\n<tr>\n<td>N\u00famero de componentes<\/td>\n<td>Multi Pack<\/td>\n<\/tr>\n<tr>\n<td>Attributes<\/td>\n<td>Isocyanate Free<\/td>\n<\/tr>\n<\/table>\n","protected":false},"excerpt":{"rendered":"<p>Interfine 629, una capa superior acr\u00edlica de dos componentes, libre de isocianatos y de alta durabilidad, es ideal para estructuras existentes y construcciones nuevas donde se requiere un acabado de alto brillo y resistente a la intemperie para mantener la est\u00e9tica. Su curado a baja temperatura de hasta 2 \u00b0C (36 \u00b0F) y sus propiedades de secado r\u00e1pido ayudan a optimizar el tiempo de aplicaci\u00f3n, permiten un manejo r\u00e1pido y aumentan la productividad. <a href=\"https:\/\/international.brand.akzonobel.com\/m\/4471f8d99d66d38b\/original\/Interfine_629_eng_A4_20240325.pdf\" target=\"_blank\" class=\"btFicha\" download rel=\"noopener\">Ver Ficha T\u00e9cnica<\/a><\/p>\n","protected":false},"featured_media":156,"template":"","meta":[],"product_cat":[17],"product_tag":[],"class_list":{"0":"post-155","1":"product","2":"type-product","3":"status-publish","4":"has-post-thumbnail","6":"product_cat-acabado","8":"first","9":"instock","10":"purchasable","11":"product-type-simple"},"_links":{"self":[{"href":"https:\/\/dantepinturerias.com\/international\/wp-json\/wp\/v2\/product\/155","targetHints":{"allow":["GET"]}}],"collection":[{"href":"https:\/\/dantepinturerias.com\/international\/wp-json\/wp\/v2\/product"}],"about":[{"href":"https:\/\/dantepinturerias.com\/international\/wp-json\/wp\/v2\/types\/product"}],"wp:featuredmedia":[{"embeddable":true,"href":"https:\/\/dantepinturerias.com\/international\/wp-json\/wp\/v2\/media\/156"}],"wp:attachment":[{"href":"https:\/\/dantepinturerias.com\/international\/wp-json\/wp\/v2\/media?parent=155"}],"wp:term":[{"taxonomy":"product_cat","embeddable":true,"href":"https:\/\/dantepinturerias.com\/international\/wp-json\/wp\/v2\/product_cat?post=155"},{"taxonomy":"product_tag","embeddable":true,"href":"https:\/\/dantepinturerias.com\/international\/wp-json\/wp\/v2\/product_tag?post=155"}],"curies":[{"name":"wp","href":"https:\/\/api.w.org\/{rel}","templated":true}]}}