{"id":169,"date":"2024-05-10T15:40:03","date_gmt":"2024-05-10T18:40:03","guid":{"rendered":"https:\/\/dantepinturerias.com\/international\/producto\/interthane-990\/"},"modified":"2024-06-21T22:39:42","modified_gmt":"2024-06-22T01:39:42","slug":"interthane-990","status":"publish","type":"product","link":"https:\/\/dantepinturerias.com\/international\/producto\/interthane-990\/","title":{"rendered":"Interthane 990"},"content":{"rendered":"<h3>Caracter\u00edsticas<\/h3>\n<table>\n<tr>\n<td>Qu\u00edmica del Producto<\/td>\n<td>Aliphatic Poliuretano<\/td>\n<\/tr>\n<tr>\n<td>S\u00f3lidos de Volumen<\/td>\n<td>57<\/td>\n<\/tr>\n<tr>\n<td>Contenido VOC (m\u00e9todo EPA)<\/td>\n<td>420 g\/lt<\/td>\n<\/tr>\n<tr>\n<td>Opciones de Color<\/td>\n<td>Disponible en Chromascan<\/td>\n<\/tr>\n<tr>\n<td>Espesor m\u00e1ximo de pel\u00edcula seca<\/td>\n<td>75<\/td>\n<\/tr>\n<tr>\n<td>Espesor m\u00ednimo de pel\u00edcula seca<\/td>\n<td>50<\/td>\n<\/tr>\n<tr>\n<td>N\u00famero de componentes<\/td>\n<td>Multi Pack<\/td>\n<\/tr>\n<\/table>\n","protected":false},"excerpt":{"rendered":"<p>Interthane 990, un acabado de poliuretano de dos componentes y alto brillo, proporciona una excelente durabilidad y una aplicaci\u00f3n flexible. Con una trayectoria global de m\u00e1s de 20 a\u00f1os, Interthane 990 es una soluci\u00f3n confiable que proporciona una nueva capa de pintura para ventanas, protecci\u00f3n a largo plazo y retenci\u00f3n de la est\u00e9tica en nuevas construcciones y mantenimiento. <a href=\"https:\/\/international.brand.akzonobel.com\/m\/2a7bc2f796297109\/original\/Interthane_990_spa_usa_LTR_20221020.pdf\" target=\"_blank\" class=\"btFicha\" download rel=\"noopener\">Ver Ficha T\u00e9cnica<\/a><\/p>\n","protected":false},"featured_media":170,"template":"","meta":[],"product_cat":[17],"product_tag":[],"class_list":{"0":"post-169","1":"product","2":"type-product","3":"status-publish","4":"has-post-thumbnail","6":"product_cat-acabado","8":"first","9":"instock","10":"purchasable","11":"product-type-simple"},"_links":{"self":[{"href":"https:\/\/dantepinturerias.com\/international\/wp-json\/wp\/v2\/product\/169","targetHints":{"allow":["GET"]}}],"collection":[{"href":"https:\/\/dantepinturerias.com\/international\/wp-json\/wp\/v2\/product"}],"about":[{"href":"https:\/\/dantepinturerias.com\/international\/wp-json\/wp\/v2\/types\/product"}],"wp:featuredmedia":[{"embeddable":true,"href":"https:\/\/dantepinturerias.com\/international\/wp-json\/wp\/v2\/media\/170"}],"wp:attachment":[{"href":"https:\/\/dantepinturerias.com\/international\/wp-json\/wp\/v2\/media?parent=169"}],"wp:term":[{"taxonomy":"product_cat","embeddable":true,"href":"https:\/\/dantepinturerias.com\/international\/wp-json\/wp\/v2\/product_cat?post=169"},{"taxonomy":"product_tag","embeddable":true,"href":"https:\/\/dantepinturerias.com\/international\/wp-json\/wp\/v2\/product_tag?post=169"}],"curies":[{"name":"wp","href":"https:\/\/api.w.org\/{rel}","templated":true}]}}