{"id":195,"date":"2024-05-10T15:41:01","date_gmt":"2024-05-10T18:41:01","guid":{"rendered":"https:\/\/dantepinturerias.com\/international\/producto\/interfine-3399\/"},"modified":"2024-06-21T22:39:34","modified_gmt":"2024-06-22T01:39:34","slug":"interfine-3399","status":"publish","type":"product","link":"https:\/\/dantepinturerias.com\/international\/producto\/interfine-3399\/","title":{"rendered":"Interfine 3399"},"content":{"rendered":"<h3>Caracter\u00edsticas<\/h3>\n<table>\n<tr>\n<td>Qu\u00edmica del Producto<\/td>\n<td>Fluorocarbono<\/td>\n<\/tr>\n<tr>\n<td>S\u00f3lidos de Volumen<\/td>\n<td>48<\/td>\n<\/tr>\n<tr>\n<td>Contenido VOC (m\u00e9todo EPA)<\/td>\n<td>477 g\/lt<\/td>\n<\/tr>\n<tr>\n<td>Opciones de Color<\/td>\n<td>Metallic,Limited range,Clear<\/td>\n<\/tr>\n<tr>\n<td>Espesor m\u00e1ximo de pel\u00edcula seca<\/td>\n<td>60<\/td>\n<\/tr>\n<tr>\n<td>Espesor m\u00ednimo de pel\u00edcula seca<\/td>\n<td>40<\/td>\n<\/tr>\n<tr>\n<td>N\u00famero de componentes<\/td>\n<td>Multi Pack<\/td>\n<\/tr>\n<\/table>\n","protected":false},"excerpt":{"rendered":"<p>Un acabado de fluorocarbono de dos componentes y alto rendimiento que ofrece una vida \u00fatil prolongada hasta el primer mantenimiento cuando se utiliza como parte de un sistema anticorrosivo de alto rendimiento. Interfine 3399 ofrece una retenci\u00f3n superior de brillo y color y proporciona una resistencia significativamente mejorada al amarilleo y al caldeo en comparaci\u00f3n con las capas finales convencionales t\u00edpicas, incluidos los acabados acr\u00edlicos catalizados y de poliuretano. <a href=\"https:\/\/international.brand.akzonobel.com\/m\/4f09ff17b21e63d6\/original\/Interfine_3399_eng_A4_20210215.pdf\" target=\"_blank\" class=\"btFicha\" download rel=\"noopener\">Ver Ficha T\u00e9cnica<\/a><\/p>\n","protected":false},"featured_media":196,"template":"","meta":[],"product_cat":[17],"product_tag":[],"class_list":{"0":"post-195","1":"product","2":"type-product","3":"status-publish","4":"has-post-thumbnail","6":"product_cat-acabado","8":"first","9":"instock","10":"purchasable","11":"product-type-simple"},"_links":{"self":[{"href":"https:\/\/dantepinturerias.com\/international\/wp-json\/wp\/v2\/product\/195","targetHints":{"allow":["GET"]}}],"collection":[{"href":"https:\/\/dantepinturerias.com\/international\/wp-json\/wp\/v2\/product"}],"about":[{"href":"https:\/\/dantepinturerias.com\/international\/wp-json\/wp\/v2\/types\/product"}],"wp:featuredmedia":[{"embeddable":true,"href":"https:\/\/dantepinturerias.com\/international\/wp-json\/wp\/v2\/media\/196"}],"wp:attachment":[{"href":"https:\/\/dantepinturerias.com\/international\/wp-json\/wp\/v2\/media?parent=195"}],"wp:term":[{"taxonomy":"product_cat","embeddable":true,"href":"https:\/\/dantepinturerias.com\/international\/wp-json\/wp\/v2\/product_cat?post=195"},{"taxonomy":"product_tag","embeddable":true,"href":"https:\/\/dantepinturerias.com\/international\/wp-json\/wp\/v2\/product_tag?post=195"}],"curies":[{"name":"wp","href":"https:\/\/api.w.org\/{rel}","templated":true}]}}