{"id":217,"date":"2024-05-10T15:42:11","date_gmt":"2024-05-10T18:42:11","guid":{"rendered":"https:\/\/dantepinturerias.com\/international\/producto\/interfine-2080hs\/"},"modified":"2024-06-21T22:38:31","modified_gmt":"2024-06-22T01:38:31","slug":"interfine-2080hs","status":"publish","type":"product","link":"https:\/\/dantepinturerias.com\/international\/producto\/interfine-2080hs\/","title":{"rendered":"Interfine 2080HS"},"content":{"rendered":"<h3>Caracter\u00edsticas<\/h3>\n<table>\n<tr>\n<td>Qu\u00edmica del Producto<\/td>\n<td>Isocyanate-Free Polysiloxane<\/td>\n<\/tr>\n<tr>\n<td>S\u00f3lidos de Volumen<\/td>\n<td>78<\/td>\n<\/tr>\n<tr>\n<td>Contenido VOC (m\u00e9todo EPA)<\/td>\n<td>247 g\/lt<\/td>\n<\/tr>\n<tr>\n<td>Opciones de Color<\/td>\n<td>Limited range<\/td>\n<\/tr>\n<tr>\n<td>Espesor m\u00e1ximo de pel\u00edcula seca<\/td>\n<td>75<\/td>\n<\/tr>\n<tr>\n<td>Espesor m\u00ednimo de pel\u00edcula seca<\/td>\n<td>50<\/td>\n<\/tr>\n<tr>\n<td>N\u00famero de componentes<\/td>\n<td>Multi Pack<\/td>\n<\/tr>\n<\/table>\n","protected":false},"excerpt":{"rendered":"<p>Un acabado de polisiloxano h\u00edbrido de secado r\u00e1pido, alto rendimiento y alto contenido de s\u00f3lidos, sin isocianato y sin esta\u00f1o. Interfine 2080HS combina tecnolog\u00eda de resina acr\u00edlica y epoxi para brindar alta durabilidad con mayor flexibilidad y ofrece excelente retenci\u00f3n de brillo y color en comparaci\u00f3n con los acabados acr\u00edlicos y de poliuretano convencionales. Estar libre de isocianatos y esta\u00f1o puede ayudar a respaldar los objetivos de sostenibilidad y HSE de la cadena contractual: Interfine 2080HS no produce diisocianatos durante el trabajo en caliente in situ. <a href=\"https:\/\/international.brand.akzonobel.com\/m\/5c89d4fce90b4ea7\/original\/Interfine_2080HS_eng_A4_20240319.pdf\" target=\"_blank\" class=\"btFicha\" download rel=\"noopener\">Ver Ficha T\u00e9cnica<\/a><\/p>\n","protected":false},"featured_media":218,"template":"","meta":[],"product_cat":[17],"product_tag":[],"class_list":{"0":"post-217","1":"product","2":"type-product","3":"status-publish","4":"has-post-thumbnail","6":"product_cat-acabado","8":"first","9":"instock","10":"purchasable","11":"product-type-simple"},"_links":{"self":[{"href":"https:\/\/dantepinturerias.com\/international\/wp-json\/wp\/v2\/product\/217","targetHints":{"allow":["GET"]}}],"collection":[{"href":"https:\/\/dantepinturerias.com\/international\/wp-json\/wp\/v2\/product"}],"about":[{"href":"https:\/\/dantepinturerias.com\/international\/wp-json\/wp\/v2\/types\/product"}],"wp:featuredmedia":[{"embeddable":true,"href":"https:\/\/dantepinturerias.com\/international\/wp-json\/wp\/v2\/media\/218"}],"wp:attachment":[{"href":"https:\/\/dantepinturerias.com\/international\/wp-json\/wp\/v2\/media?parent=217"}],"wp:term":[{"taxonomy":"product_cat","embeddable":true,"href":"https:\/\/dantepinturerias.com\/international\/wp-json\/wp\/v2\/product_cat?post=217"},{"taxonomy":"product_tag","embeddable":true,"href":"https:\/\/dantepinturerias.com\/international\/wp-json\/wp\/v2\/product_tag?post=217"}],"curies":[{"name":"wp","href":"https:\/\/api.w.org\/{rel}","templated":true}]}}