{"id":229,"date":"2024-05-10T15:45:01","date_gmt":"2024-05-10T18:45:01","guid":{"rendered":"https:\/\/dantepinturerias.com\/international\/producto\/interh2o-499-fwa500-series\/"},"modified":"2024-06-21T22:38:00","modified_gmt":"2024-06-22T01:38:00","slug":"interh2o-499-fwa500-series","status":"publish","type":"product","link":"https:\/\/dantepinturerias.com\/international\/producto\/interh2o-499-fwa500-series\/","title":{"rendered":"InterH2O 499 FWA500 Series"},"content":{"rendered":"<h3>Caracter\u00edsticas<\/h3>\n<table>\n<tr>\n<td>Qu\u00edmica del Producto<\/td>\n<td>Water Based Epoxy<\/td>\n<\/tr>\n<tr>\n<td>S\u00f3lidos de Volumen<\/td>\n<td>52<\/td>\n<\/tr>\n<tr>\n<td>Contenido VOC (m\u00e9todo EPA)<\/td>\n<td>g\/lt<\/td>\n<\/tr>\n<tr>\n<td>Opciones de Color<\/td>\n<td>limited range<\/td>\n<\/tr>\n<tr>\n<td>Espesor m\u00e1ximo de pel\u00edcula seca<\/td>\n<td>180<\/td>\n<\/tr>\n<tr>\n<td>Espesor m\u00ednimo de pel\u00edcula seca<\/td>\n<td>75<\/td>\n<\/tr>\n<tr>\n<td>N\u00famero de componentes<\/td>\n<td>Multi Pack<\/td>\n<\/tr>\n<tr>\n<td>Attributes<\/td>\n<td>Water Based<\/td>\n<\/tr>\n<\/table>\n","protected":false},"excerpt":{"rendered":"<p>Un epoxi a base de agua de alto rendimiento, de dos componentes, adecuado como imprimador directo sobre metal o como intermedio con secado r\u00e1pido y atributos de VOC muy bajos. Aprobado seg\u00fan la norma de rendimiento de protecci\u00f3n contra la corrosi\u00f3n ISO12944:2018. Puede usarse en entornos agresivos que se encuentran en industrias como infraestructura comercial, petroqu\u00edmica, energ\u00eda y electricidad, adem\u00e1s de ser ideal para su uso en mercados OEM. <a href=\"https:\/\/international.brand.akzonobel.com\/m\/2d3322e5bb284642\/original\/InterH2O_499_FWA500_Series_spa_A4_20231114.pdf\" target=\"_blank\" class=\"btFicha\" download rel=\"noopener\">Ver Ficha T\u00e9cnica<\/a><\/p>\n","protected":false},"featured_media":230,"template":"","meta":[],"product_cat":[18],"product_tag":[],"class_list":{"0":"post-229","1":"product","2":"type-product","3":"status-publish","4":"has-post-thumbnail","6":"product_cat-intermedio","8":"first","9":"instock","10":"purchasable","11":"product-type-simple"},"_links":{"self":[{"href":"https:\/\/dantepinturerias.com\/international\/wp-json\/wp\/v2\/product\/229","targetHints":{"allow":["GET"]}}],"collection":[{"href":"https:\/\/dantepinturerias.com\/international\/wp-json\/wp\/v2\/product"}],"about":[{"href":"https:\/\/dantepinturerias.com\/international\/wp-json\/wp\/v2\/types\/product"}],"wp:featuredmedia":[{"embeddable":true,"href":"https:\/\/dantepinturerias.com\/international\/wp-json\/wp\/v2\/media\/230"}],"wp:attachment":[{"href":"https:\/\/dantepinturerias.com\/international\/wp-json\/wp\/v2\/media?parent=229"}],"wp:term":[{"taxonomy":"product_cat","embeddable":true,"href":"https:\/\/dantepinturerias.com\/international\/wp-json\/wp\/v2\/product_cat?post=229"},{"taxonomy":"product_tag","embeddable":true,"href":"https:\/\/dantepinturerias.com\/international\/wp-json\/wp\/v2\/product_tag?post=229"}],"curies":[{"name":"wp","href":"https:\/\/api.w.org\/{rel}","templated":true}]}}