{"id":239,"date":"2024-05-10T15:45:01","date_gmt":"2024-05-10T18:45:01","guid":{"rendered":"https:\/\/dantepinturerias.com\/international\/producto\/relest-wind-gelcoat-transparent-i372-0002\/"},"modified":"2024-06-21T22:38:11","modified_gmt":"2024-06-22T01:38:11","slug":"relest-wind-gelcoat-transparent-i372-0002","status":"publish","type":"product","link":"https:\/\/dantepinturerias.com\/international\/producto\/relest-wind-gelcoat-transparent-i372-0002\/","title":{"rendered":"RELEST Wind Gelcoat Transparent &#8211; I372-0002"},"content":{"rendered":"<h3>Caracter\u00edsticas<\/h3>\n<table>\n<tr>\n<td>Qu\u00edmica del Producto<\/td>\n<td>Polyaspartic<\/td>\n<\/tr>\n<tr>\n<td>S\u00f3lidos de Volumen<\/td>\n<td>99<\/td>\n<\/tr>\n<tr>\n<td>Contenido VOC (m\u00e9todo EPA)<\/td>\n<td>g\/lt<\/td>\n<\/tr>\n<tr>\n<td>Opciones de Color<\/td>\n<td>Clear<\/td>\n<\/tr>\n<tr>\n<td>Espesor m\u00e1ximo de pel\u00edcula seca<\/td>\n<td>450<\/td>\n<\/tr>\n<tr>\n<td>Espesor m\u00ednimo de pel\u00edcula seca<\/td>\n<td>450<\/td>\n<\/tr>\n<tr>\n<td>N\u00famero de componentes<\/td>\n<td>Multi Pack<\/td>\n<\/tr>\n<\/table>\n","protected":false},"excerpt":{"rendered":"<p>RELEST Wind Gelcoat Transparent es un recubrimiento poliasp\u00e1rtico viscopl\u00e1stico sin disolventes con alta resistencia a la propagaci\u00f3n del desgarro para su uso como gelcoat en molde. Indicado para realizar capas intermedias transparentes, sin burbujas y de secado r\u00e1pido. RELEST Wind Gelcoat Transparent ofrece una superficie libre de poros despu\u00e9s del desmoldeo con muy buena estabilidad a los rayos UV, lo que permite aplicar una capa superior sin ning\u00fan paso de trabajo adicional. <a href=\"https:\/\/international.brand.akzonobel.com\/m\/1e1a25fd7cc96bf6\/original\/RELEST_Wind_Gelcoat_transparent_eng_A4_20240220.pdf\" target=\"_blank\" class=\"btFicha\" download rel=\"noopener\">Ver Ficha T\u00e9cnica<\/a><\/p>\n","protected":false},"featured_media":240,"template":"","meta":[],"product_cat":[18],"product_tag":[],"class_list":{"0":"post-239","1":"product","2":"type-product","3":"status-publish","4":"has-post-thumbnail","6":"product_cat-intermedio","8":"first","9":"instock","10":"purchasable","11":"product-type-simple"},"_links":{"self":[{"href":"https:\/\/dantepinturerias.com\/international\/wp-json\/wp\/v2\/product\/239","targetHints":{"allow":["GET"]}}],"collection":[{"href":"https:\/\/dantepinturerias.com\/international\/wp-json\/wp\/v2\/product"}],"about":[{"href":"https:\/\/dantepinturerias.com\/international\/wp-json\/wp\/v2\/types\/product"}],"wp:featuredmedia":[{"embeddable":true,"href":"https:\/\/dantepinturerias.com\/international\/wp-json\/wp\/v2\/media\/240"}],"wp:attachment":[{"href":"https:\/\/dantepinturerias.com\/international\/wp-json\/wp\/v2\/media?parent=239"}],"wp:term":[{"taxonomy":"product_cat","embeddable":true,"href":"https:\/\/dantepinturerias.com\/international\/wp-json\/wp\/v2\/product_cat?post=239"},{"taxonomy":"product_tag","embeddable":true,"href":"https:\/\/dantepinturerias.com\/international\/wp-json\/wp\/v2\/product_tag?post=239"}],"curies":[{"name":"wp","href":"https:\/\/api.w.org\/{rel}","templated":true}]}}