{"id":245,"date":"2024-05-10T16:59:02","date_gmt":"2024-05-10T19:59:02","guid":{"rendered":"https:\/\/dantepinturerias.com\/international\/producto\/intercure-384\/"},"modified":"2024-06-21T22:37:49","modified_gmt":"2024-06-22T01:37:49","slug":"intercure-384","status":"publish","type":"product","link":"https:\/\/dantepinturerias.com\/international\/producto\/intercure-384\/","title":{"rendered":"Intercure 384"},"content":{"rendered":"","protected":false},"excerpt":{"rendered":"<p>Un recubrimiento intermedio de \u00f3xido de hierro mic\u00e1ceo epoxi de dos componentes, alto contenido de s\u00f3lidos y bajo VOC que ofrece una excelente protecci\u00f3n de barrera, curado a baja temperatura y propiedades de recubrimiento r\u00e1pido.Pigmentado con \u00f3xido de hierro mic\u00e1ceo para cumplir con los requisitos de BS5493:1977 <a href=\"https:\/\/international.brand.akzonobel.com\/m\/43110f9d49942363\/original\/Intercure_384_spa_A4_20180307.pdf\" target=\"_blank\" class=\"btFicha\" download rel=\"noopener\">Ver Ficha T\u00e9cnica<\/a><\/p>\n","protected":false},"featured_media":246,"template":"","meta":[],"product_cat":[18],"product_tag":[],"class_list":{"0":"post-245","1":"product","2":"type-product","3":"status-publish","4":"has-post-thumbnail","6":"product_cat-intermedio","8":"first","9":"instock","10":"purchasable","11":"product-type-simple"},"_links":{"self":[{"href":"https:\/\/dantepinturerias.com\/international\/wp-json\/wp\/v2\/product\/245","targetHints":{"allow":["GET"]}}],"collection":[{"href":"https:\/\/dantepinturerias.com\/international\/wp-json\/wp\/v2\/product"}],"about":[{"href":"https:\/\/dantepinturerias.com\/international\/wp-json\/wp\/v2\/types\/product"}],"wp:featuredmedia":[{"embeddable":true,"href":"https:\/\/dantepinturerias.com\/international\/wp-json\/wp\/v2\/media\/246"}],"wp:attachment":[{"href":"https:\/\/dantepinturerias.com\/international\/wp-json\/wp\/v2\/media?parent=245"}],"wp:term":[{"taxonomy":"product_cat","embeddable":true,"href":"https:\/\/dantepinturerias.com\/international\/wp-json\/wp\/v2\/product_cat?post=245"},{"taxonomy":"product_tag","embeddable":true,"href":"https:\/\/dantepinturerias.com\/international\/wp-json\/wp\/v2\/product_tag?post=245"}],"curies":[{"name":"wp","href":"https:\/\/api.w.org\/{rel}","templated":true}]}}