{"id":261,"date":"2024-05-10T16:59:02","date_gmt":"2024-05-10T19:59:02","guid":{"rendered":"https:\/\/dantepinturerias.com\/international\/producto\/intergard-2511\/"},"modified":"2024-06-21T22:37:56","modified_gmt":"2024-06-22T01:37:56","slug":"intergard-2511","status":"publish","type":"product","link":"https:\/\/dantepinturerias.com\/international\/producto\/intergard-2511\/","title":{"rendered":"Intergard 2511"},"content":{"rendered":"<h3>Caracter\u00edsticas<\/h3>\n<table>\n<tr>\n<td>Qu\u00edmica del Producto<\/td>\n<td>Epoxy<\/td>\n<\/tr>\n<tr>\n<td>S\u00f3lidos de Volumen<\/td>\n<td>80<\/td>\n<\/tr>\n<tr>\n<td>Contenido VOC (m\u00e9todo EPA)<\/td>\n<td>197 g\/lt<\/td>\n<\/tr>\n<tr>\n<td>Espesor m\u00e1ximo de pel\u00edcula seca<\/td>\n<td>250<\/td>\n<\/tr>\n<tr>\n<td>Espesor m\u00ednimo de pel\u00edcula seca<\/td>\n<td>75<\/td>\n<\/tr>\n<tr>\n<td>N\u00famero de componentes<\/td>\n<td>Multi Pack<\/td>\n<\/tr>\n<\/table>\n","protected":false},"excerpt":{"rendered":"<p>Un imprimador epoxi de dos componentes, bajo en COV y alto contenido de s\u00f3lidos que contiene pigmentaci\u00f3n anticorrosiva de fosfato de zinc. Las propiedades de aplicaci\u00f3n vers\u00e1tiles de este imprimador proporcionan un control s\u00f3lido del espesor de la pel\u00edcula tal como se suministra, sin necesidad de diluirla. <a href=\"https:\/\/international.brand.akzonobel.com\/m\/15787f645be8cabd\/original\/Intergard_2511_eng_A4_20171101.pdf\" target=\"_blank\" class=\"btFicha\" download rel=\"noopener\">Ver Ficha T\u00e9cnica<\/a><\/p>\n","protected":false},"featured_media":262,"template":"","meta":[],"product_cat":[19],"product_tag":[],"class_list":{"0":"post-261","1":"product","2":"type-product","3":"status-publish","4":"has-post-thumbnail","6":"product_cat-imprimador","8":"first","9":"instock","10":"purchasable","11":"product-type-simple"},"_links":{"self":[{"href":"https:\/\/dantepinturerias.com\/international\/wp-json\/wp\/v2\/product\/261","targetHints":{"allow":["GET"]}}],"collection":[{"href":"https:\/\/dantepinturerias.com\/international\/wp-json\/wp\/v2\/product"}],"about":[{"href":"https:\/\/dantepinturerias.com\/international\/wp-json\/wp\/v2\/types\/product"}],"wp:featuredmedia":[{"embeddable":true,"href":"https:\/\/dantepinturerias.com\/international\/wp-json\/wp\/v2\/media\/262"}],"wp:attachment":[{"href":"https:\/\/dantepinturerias.com\/international\/wp-json\/wp\/v2\/media?parent=261"}],"wp:term":[{"taxonomy":"product_cat","embeddable":true,"href":"https:\/\/dantepinturerias.com\/international\/wp-json\/wp\/v2\/product_cat?post=261"},{"taxonomy":"product_tag","embeddable":true,"href":"https:\/\/dantepinturerias.com\/international\/wp-json\/wp\/v2\/product_tag?post=261"}],"curies":[{"name":"wp","href":"https:\/\/api.w.org\/{rel}","templated":true}]}}