{"id":273,"date":"2024-05-10T17:00:00","date_gmt":"2024-05-10T20:00:00","guid":{"rendered":"https:\/\/dantepinturerias.com\/international\/producto\/interprime-484\/"},"modified":"2024-06-21T22:37:46","modified_gmt":"2024-06-22T01:37:46","slug":"interprime-484","status":"publish","type":"product","link":"https:\/\/dantepinturerias.com\/international\/producto\/interprime-484\/","title":{"rendered":"Interprime 484"},"content":{"rendered":"","protected":false},"excerpt":{"rendered":"<p>Interprime 484 es una imprimaci\u00f3n de fosfato de zinc de secado al aire dise\u00f1ada para su aplicaci\u00f3n en todo tipo de superficies de acero. Esta imprimaci\u00f3n se caracteriza por buenas propiedades anticorrosivas, f\u00e1cil aplicaci\u00f3n y la capacidad de proteger el acero limpiado a mano. <a href=\"https:\/\/international.brand.akzonobel.com\/m\/656b03330c367715\/original\/Interprime_484_eng_A4_20150205.pdf\" target=\"_blank\" class=\"btFicha\" download rel=\"noopener\">Ver Ficha T\u00e9cnica<\/a><\/p>\n","protected":false},"featured_media":274,"template":"","meta":[],"product_cat":[19],"product_tag":[],"class_list":{"0":"post-273","1":"product","2":"type-product","3":"status-publish","4":"has-post-thumbnail","6":"product_cat-imprimador","8":"first","9":"instock","10":"purchasable","11":"product-type-simple"},"_links":{"self":[{"href":"https:\/\/dantepinturerias.com\/international\/wp-json\/wp\/v2\/product\/273","targetHints":{"allow":["GET"]}}],"collection":[{"href":"https:\/\/dantepinturerias.com\/international\/wp-json\/wp\/v2\/product"}],"about":[{"href":"https:\/\/dantepinturerias.com\/international\/wp-json\/wp\/v2\/types\/product"}],"wp:featuredmedia":[{"embeddable":true,"href":"https:\/\/dantepinturerias.com\/international\/wp-json\/wp\/v2\/media\/274"}],"wp:attachment":[{"href":"https:\/\/dantepinturerias.com\/international\/wp-json\/wp\/v2\/media?parent=273"}],"wp:term":[{"taxonomy":"product_cat","embeddable":true,"href":"https:\/\/dantepinturerias.com\/international\/wp-json\/wp\/v2\/product_cat?post=273"},{"taxonomy":"product_tag","embeddable":true,"href":"https:\/\/dantepinturerias.com\/international\/wp-json\/wp\/v2\/product_tag?post=273"}],"curies":[{"name":"wp","href":"https:\/\/api.w.org\/{rel}","templated":true}]}}