{"id":275,"date":"2024-05-10T17:00:00","date_gmt":"2024-05-10T20:00:00","guid":{"rendered":"https:\/\/dantepinturerias.com\/international\/producto\/interzinc-109\/"},"modified":"2024-06-21T22:37:47","modified_gmt":"2024-06-22T01:37:47","slug":"interzinc-109","status":"publish","type":"product","link":"https:\/\/dantepinturerias.com\/international\/producto\/interzinc-109\/","title":{"rendered":"Interzinc 109"},"content":{"rendered":"","protected":false},"excerpt":{"rendered":"<p>Un imprimador ep\u00f3xico rico en zinc met\u00e1lico de dos componentes formulado para proporcionar un secado r\u00e1pido, propiedades de manipulaci\u00f3n r\u00e1pida y una excelente resistencia a la abrasi\u00f3n. <a href=\"https:\/\/international.brand.akzonobel.com\/m\/718b9cbc7b5df865\/original\/Interzinc_109_eng_A4_20150205.pdf\" target=\"_blank\" class=\"btFicha\" download rel=\"noopener\">Ver Ficha T\u00e9cnica<\/a><\/p>\n","protected":false},"featured_media":276,"template":"","meta":[],"product_cat":[19],"product_tag":[],"class_list":{"0":"post-275","1":"product","2":"type-product","3":"status-publish","4":"has-post-thumbnail","6":"product_cat-imprimador","8":"first","9":"instock","10":"purchasable","11":"product-type-simple"},"_links":{"self":[{"href":"https:\/\/dantepinturerias.com\/international\/wp-json\/wp\/v2\/product\/275","targetHints":{"allow":["GET"]}}],"collection":[{"href":"https:\/\/dantepinturerias.com\/international\/wp-json\/wp\/v2\/product"}],"about":[{"href":"https:\/\/dantepinturerias.com\/international\/wp-json\/wp\/v2\/types\/product"}],"wp:featuredmedia":[{"embeddable":true,"href":"https:\/\/dantepinturerias.com\/international\/wp-json\/wp\/v2\/media\/276"}],"wp:attachment":[{"href":"https:\/\/dantepinturerias.com\/international\/wp-json\/wp\/v2\/media?parent=275"}],"wp:term":[{"taxonomy":"product_cat","embeddable":true,"href":"https:\/\/dantepinturerias.com\/international\/wp-json\/wp\/v2\/product_cat?post=275"},{"taxonomy":"product_tag","embeddable":true,"href":"https:\/\/dantepinturerias.com\/international\/wp-json\/wp\/v2\/product_tag?post=275"}],"curies":[{"name":"wp","href":"https:\/\/api.w.org\/{rel}","templated":true}]}}