{"id":299,"date":"2024-05-10T17:01:27","date_gmt":"2024-05-10T20:01:27","guid":{"rendered":"https:\/\/dantepinturerias.com\/international\/producto\/interprime-406\/"},"modified":"2024-06-21T22:37:44","modified_gmt":"2024-06-22T01:37:44","slug":"interprime-406","status":"publish","type":"product","link":"https:\/\/dantepinturerias.com\/international\/producto\/interprime-406\/","title":{"rendered":"Interprime 406"},"content":{"rendered":"<h3>Caracter\u00edsticas<\/h3>\n<table>\n<tr>\n<td>Qu\u00edmica del Producto<\/td>\n<td>Alkyd<\/td>\n<\/tr>\n<tr>\n<td>S\u00f3lidos de Volumen<\/td>\n<td>47<\/td>\n<\/tr>\n<tr>\n<td>Contenido VOC (m\u00e9todo EPA)<\/td>\n<td>470 g\/lt<\/td>\n<\/tr>\n<tr>\n<td>Espesor m\u00e1ximo de pel\u00edcula seca<\/td>\n<td>40<\/td>\n<\/tr>\n<tr>\n<td>Espesor m\u00ednimo de pel\u00edcula seca<\/td>\n<td>40<\/td>\n<\/tr>\n<tr>\n<td>N\u00famero de componentes<\/td>\n<td>Single Pack<\/td>\n<\/tr>\n<\/table>\n","protected":false},"excerpt":{"rendered":"<p>Interprime 406 es una imprimaci\u00f3n alqu\u00eddica de secado r\u00e1pido que contiene pigmentaci\u00f3n anticorrosiva de fosfato de zinc, dise\u00f1ada para su aplicaci\u00f3n en todo tipo de superficies de acero. Esta imprimaci\u00f3n se caracteriza por buenas propiedades anticorrosivas, f\u00e1cil aplicaci\u00f3n y capacidad para proteger las manos. acero limpio. <a href=\"https:\/\/international.brand.akzonobel.com\/m\/6fa387036b3cc19c\/original\/Interprime_406_eng_A4_20150805.pdf\" target=\"_blank\" class=\"btFicha\" download rel=\"noopener\">Ver Ficha T\u00e9cnica<\/a><\/p>\n","protected":false},"featured_media":300,"template":"","meta":[],"product_cat":[19],"product_tag":[],"class_list":{"0":"post-299","1":"product","2":"type-product","3":"status-publish","4":"has-post-thumbnail","6":"product_cat-imprimador","8":"first","9":"instock","10":"purchasable","11":"product-type-simple"},"_links":{"self":[{"href":"https:\/\/dantepinturerias.com\/international\/wp-json\/wp\/v2\/product\/299","targetHints":{"allow":["GET"]}}],"collection":[{"href":"https:\/\/dantepinturerias.com\/international\/wp-json\/wp\/v2\/product"}],"about":[{"href":"https:\/\/dantepinturerias.com\/international\/wp-json\/wp\/v2\/types\/product"}],"wp:featuredmedia":[{"embeddable":true,"href":"https:\/\/dantepinturerias.com\/international\/wp-json\/wp\/v2\/media\/300"}],"wp:attachment":[{"href":"https:\/\/dantepinturerias.com\/international\/wp-json\/wp\/v2\/media?parent=299"}],"wp:term":[{"taxonomy":"product_cat","embeddable":true,"href":"https:\/\/dantepinturerias.com\/international\/wp-json\/wp\/v2\/product_cat?post=299"},{"taxonomy":"product_tag","embeddable":true,"href":"https:\/\/dantepinturerias.com\/international\/wp-json\/wp\/v2\/product_tag?post=299"}],"curies":[{"name":"wp","href":"https:\/\/api.w.org\/{rel}","templated":true}]}}