{"id":30,"date":"2024-05-10T15:34:06","date_gmt":"2024-05-10T18:34:06","guid":{"rendered":"https:\/\/dantepinturerias.com\/international\/producto\/intercryl-988\/"},"modified":"2024-06-21T22:41:03","modified_gmt":"2024-06-22T01:41:03","slug":"intercryl-988","status":"publish","type":"product","link":"https:\/\/dantepinturerias.com\/international\/producto\/intercryl-988\/","title":{"rendered":"Intercryl 988"},"content":{"rendered":"<h3>Caracter\u00edsticas<\/h3>\n<table>\n<tr>\n<td>Qu\u00edmica del Producto<\/td>\n<td>Water Based Acrylic<\/td>\n<\/tr>\n<tr>\n<td>S\u00f3lidos de Volumen<\/td>\n<td>60<\/td>\n<\/tr>\n<tr>\n<td>Contenido VOC (m\u00e9todo EPA)<\/td>\n<td>g\/lt<\/td>\n<\/tr>\n<tr>\n<td>Espesor m\u00e1ximo de pel\u00edcula seca<\/td>\n<td>400<\/td>\n<\/tr>\n<tr>\n<td>Espesor m\u00ednimo de pel\u00edcula seca<\/td>\n<td>200<\/td>\n<\/tr>\n<tr>\n<td>N\u00famero de componentes<\/td>\n<td>Single Pack<\/td>\n<\/tr>\n<tr>\n<td>Attributes<\/td>\n<td>Water Based<\/td>\n<\/tr>\n<\/table>\n","protected":false},"excerpt":{"rendered":"<p>Recubrimiento de membrana acr\u00edlica pura de un solo paquete dise\u00f1ado para brindar una apariencia cosm\u00e9tica de alta calidad con protecci\u00f3n. Tambi\u00e9n es el recubrimiento preferido para espuma de poliuretano rociada y es una capa de acabado de larga duraci\u00f3n sobre Intergard 436 en techos de fibrocemento. Intercryl 988 tiene un alto volumen de s\u00f3lidos, exhibe resistencia a largo plazo a los rayos UV y la contaminaci\u00f3n atmosf\u00e9rica y permanece permanentemente flexible y el\u00e1stico. <a href=\"https:\/\/international.brand.akzonobel.com\/m\/7c4c83fd01dc1a60\/original\/Intercryl_988_eng_A4_20150205.pdf\" target=\"_blank\" class=\"btFicha\" download rel=\"noopener\">Ver Ficha T\u00e9cnica<\/a><\/p>\n","protected":false},"featured_media":31,"template":"","meta":[],"product_cat":[17],"product_tag":[],"class_list":{"0":"post-30","1":"product","2":"type-product","3":"status-publish","4":"has-post-thumbnail","6":"product_cat-acabado","8":"first","9":"instock","10":"purchasable","11":"product-type-simple"},"_links":{"self":[{"href":"https:\/\/dantepinturerias.com\/international\/wp-json\/wp\/v2\/product\/30","targetHints":{"allow":["GET"]}}],"collection":[{"href":"https:\/\/dantepinturerias.com\/international\/wp-json\/wp\/v2\/product"}],"about":[{"href":"https:\/\/dantepinturerias.com\/international\/wp-json\/wp\/v2\/types\/product"}],"wp:featuredmedia":[{"embeddable":true,"href":"https:\/\/dantepinturerias.com\/international\/wp-json\/wp\/v2\/media\/31"}],"wp:attachment":[{"href":"https:\/\/dantepinturerias.com\/international\/wp-json\/wp\/v2\/media?parent=30"}],"wp:term":[{"taxonomy":"product_cat","embeddable":true,"href":"https:\/\/dantepinturerias.com\/international\/wp-json\/wp\/v2\/product_cat?post=30"},{"taxonomy":"product_tag","embeddable":true,"href":"https:\/\/dantepinturerias.com\/international\/wp-json\/wp\/v2\/product_tag?post=30"}],"curies":[{"name":"wp","href":"https:\/\/api.w.org\/{rel}","templated":true}]}}