{"id":313,"date":"2024-05-10T17:02:51","date_gmt":"2024-05-10T20:02:51","guid":{"rendered":"https:\/\/dantepinturerias.com\/international\/producto\/relest-wind-processcoat-i373-2050\/"},"modified":"2024-06-21T22:37:12","modified_gmt":"2024-06-22T01:37:12","slug":"relest-wind-processcoat-i373-2050","status":"publish","type":"product","link":"https:\/\/dantepinturerias.com\/international\/producto\/relest-wind-processcoat-i373-2050\/","title":{"rendered":"RELEST Wind ProcessCoat &#8211; I373-2050"},"content":{"rendered":"<h3>Caracter\u00edsticas<\/h3>\n<table>\n<tr>\n<td>Qu\u00edmica del Producto<\/td>\n<td>Poliuretano<\/td>\n<\/tr>\n<tr>\n<td>S\u00f3lidos de Volumen<\/td>\n<td>99<\/td>\n<\/tr>\n<tr>\n<td>Contenido VOC (m\u00e9todo EPA)<\/td>\n<td>g\/lt<\/td>\n<\/tr>\n<tr>\n<td>Opciones de Color<\/td>\n<td>Clear<\/td>\n<\/tr>\n<tr>\n<td>Espesor m\u00e1ximo de pel\u00edcula seca<\/td>\n<td>250<\/td>\n<\/tr>\n<tr>\n<td>Espesor m\u00ednimo de pel\u00edcula seca<\/td>\n<td>250<\/td>\n<\/tr>\n<tr>\n<td>N\u00famero de componentes<\/td>\n<td>Multi Pack<\/td>\n<\/tr>\n<\/table>\n","protected":false},"excerpt":{"rendered":"<p>RELEST Wind ProcessCoat es un poliuretano 2K transl\u00facido sin solventes para usar como gelcoat en molde con espesores de pel\u00edcula bajos. La utilizaci\u00f3n de la nueva generaci\u00f3n de absorbentes de UV permite el almacenamiento temporal al aire libre de palas de rotor sin recubrimiento, sin el riesgo de que la luz UV da\u00f1e el sustrato. La gran capacidad de lijado del producto facilita el tratamiento posterior de las palas de rotor desmoldeadas y forma una base excelente y libre de poros para recubrimientos posteriores. <a href=\"https:\/\/international.brand.akzonobel.com\/m\/36142638ffaebd69\/original\/RELEST_Wind_Process_Coat_N_Beige_eng_A4_20221221.pdf\" target=\"_blank\" class=\"btFicha\" download rel=\"noopener\">Ver Ficha T\u00e9cnica<\/a><\/p>\n","protected":false},"featured_media":314,"template":"","meta":[],"product_cat":[19],"product_tag":[],"class_list":{"0":"post-313","1":"product","2":"type-product","3":"status-publish","4":"has-post-thumbnail","6":"product_cat-imprimador","8":"first","9":"instock","10":"purchasable","11":"product-type-simple"},"_links":{"self":[{"href":"https:\/\/dantepinturerias.com\/international\/wp-json\/wp\/v2\/product\/313","targetHints":{"allow":["GET"]}}],"collection":[{"href":"https:\/\/dantepinturerias.com\/international\/wp-json\/wp\/v2\/product"}],"about":[{"href":"https:\/\/dantepinturerias.com\/international\/wp-json\/wp\/v2\/types\/product"}],"wp:featuredmedia":[{"embeddable":true,"href":"https:\/\/dantepinturerias.com\/international\/wp-json\/wp\/v2\/media\/314"}],"wp:attachment":[{"href":"https:\/\/dantepinturerias.com\/international\/wp-json\/wp\/v2\/media?parent=313"}],"wp:term":[{"taxonomy":"product_cat","embeddable":true,"href":"https:\/\/dantepinturerias.com\/international\/wp-json\/wp\/v2\/product_cat?post=313"},{"taxonomy":"product_tag","embeddable":true,"href":"https:\/\/dantepinturerias.com\/international\/wp-json\/wp\/v2\/product_tag?post=313"}],"curies":[{"name":"wp","href":"https:\/\/api.w.org\/{rel}","templated":true}]}}