{"id":323,"date":"2024-05-10T17:02:51","date_gmt":"2024-05-10T20:02:51","guid":{"rendered":"https:\/\/dantepinturerias.com\/international\/producto\/interdur-8810\/"},"modified":"2024-06-21T22:37:41","modified_gmt":"2024-06-22T01:37:41","slug":"interdur-8810","status":"publish","type":"product","link":"https:\/\/dantepinturerias.com\/international\/producto\/interdur-8810\/","title":{"rendered":"Interdur 8810"},"content":{"rendered":"","protected":false},"excerpt":{"rendered":"<p>Un imprimador ep\u00f3xico rico en zinc met\u00e1lico de dos componentes que cumple con los requisitos de composici\u00f3n y rendimiento de HG\/T3668. S\u00d3LO CHINA <a href=\"https:\/\/international.brand.akzonobel.com\/m\/49f804a724d54159\/original\/Interdur_8810_eng_A4_20210301.pdf\" target=\"_blank\" class=\"btFicha\" download rel=\"noopener\">Ver Ficha T\u00e9cnica<\/a><\/p>\n","protected":false},"featured_media":324,"template":"","meta":[],"product_cat":[19],"product_tag":[],"class_list":{"0":"post-323","1":"product","2":"type-product","3":"status-publish","4":"has-post-thumbnail","6":"product_cat-imprimador","8":"first","9":"instock","10":"purchasable","11":"product-type-simple"},"_links":{"self":[{"href":"https:\/\/dantepinturerias.com\/international\/wp-json\/wp\/v2\/product\/323","targetHints":{"allow":["GET"]}}],"collection":[{"href":"https:\/\/dantepinturerias.com\/international\/wp-json\/wp\/v2\/product"}],"about":[{"href":"https:\/\/dantepinturerias.com\/international\/wp-json\/wp\/v2\/types\/product"}],"wp:featuredmedia":[{"embeddable":true,"href":"https:\/\/dantepinturerias.com\/international\/wp-json\/wp\/v2\/media\/324"}],"wp:attachment":[{"href":"https:\/\/dantepinturerias.com\/international\/wp-json\/wp\/v2\/media?parent=323"}],"wp:term":[{"taxonomy":"product_cat","embeddable":true,"href":"https:\/\/dantepinturerias.com\/international\/wp-json\/wp\/v2\/product_cat?post=323"},{"taxonomy":"product_tag","embeddable":true,"href":"https:\/\/dantepinturerias.com\/international\/wp-json\/wp\/v2\/product_tag?post=323"}],"curies":[{"name":"wp","href":"https:\/\/api.w.org\/{rel}","templated":true}]}}