{"id":325,"date":"2024-05-10T17:03:57","date_gmt":"2024-05-10T20:03:57","guid":{"rendered":"https:\/\/dantepinturerias.com\/international\/producto\/ceilcote-370ht-primer\/"},"modified":"2024-06-21T22:37:07","modified_gmt":"2024-06-22T01:37:07","slug":"ceilcote-370ht-primer","status":"publish","type":"product","link":"https:\/\/dantepinturerias.com\/international\/producto\/ceilcote-370ht-primer\/","title":{"rendered":"Ceilcote 370HT Primer"},"content":{"rendered":"","protected":false},"excerpt":{"rendered":"<p>Ceilcote 370HT Primer es un imprimador de \u00e9ster vin\u00edlico catalizado. Proporciona excelente uni\u00f3n y adhesi\u00f3n para diversos revestimientos, revestimientos y sistemas de pisos de poli\u00e9ster y vinil\u00e9ster, as\u00ed como para sistemas de pol\u00edmeros h\u00edbridos Ceilcote. <a href=\"https:\/\/international.brand.akzonobel.com\/m\/21c4ad3153a514f7\/original\/Ceilcote_370HT_Primer_eng_usa_LTR_20220420.pdf\" target=\"_blank\" class=\"btFicha\" download rel=\"noopener\">Ver Ficha T\u00e9cnica<\/a><\/p>\n","protected":false},"featured_media":326,"template":"","meta":[],"product_cat":[19],"product_tag":[],"class_list":{"0":"post-325","1":"product","2":"type-product","3":"status-publish","4":"has-post-thumbnail","6":"product_cat-imprimador","8":"first","9":"instock","10":"purchasable","11":"product-type-simple"},"_links":{"self":[{"href":"https:\/\/dantepinturerias.com\/international\/wp-json\/wp\/v2\/product\/325","targetHints":{"allow":["GET"]}}],"collection":[{"href":"https:\/\/dantepinturerias.com\/international\/wp-json\/wp\/v2\/product"}],"about":[{"href":"https:\/\/dantepinturerias.com\/international\/wp-json\/wp\/v2\/types\/product"}],"wp:featuredmedia":[{"embeddable":true,"href":"https:\/\/dantepinturerias.com\/international\/wp-json\/wp\/v2\/media\/326"}],"wp:attachment":[{"href":"https:\/\/dantepinturerias.com\/international\/wp-json\/wp\/v2\/media?parent=325"}],"wp:term":[{"taxonomy":"product_cat","embeddable":true,"href":"https:\/\/dantepinturerias.com\/international\/wp-json\/wp\/v2\/product_cat?post=325"},{"taxonomy":"product_tag","embeddable":true,"href":"https:\/\/dantepinturerias.com\/international\/wp-json\/wp\/v2\/product_tag?post=325"}],"curies":[{"name":"wp","href":"https:\/\/api.w.org\/{rel}","templated":true}]}}