{"id":327,"date":"2024-05-10T17:03:57","date_gmt":"2024-05-10T20:03:57","guid":{"rendered":"https:\/\/dantepinturerias.com\/international\/producto\/interplate-937\/"},"modified":"2024-06-21T22:37:08","modified_gmt":"2024-06-22T01:37:08","slug":"interplate-937","status":"publish","type":"product","link":"https:\/\/dantepinturerias.com\/international\/producto\/interplate-937\/","title":{"rendered":"Interplate 937"},"content":{"rendered":"","protected":false},"excerpt":{"rendered":"<p>Un imprimador de taller (pre-construcci\u00f3n) de silicato de zinc resistente al calor, de dos componentes, que proporciona una buena protecci\u00f3n contra la corrosi\u00f3n (incluso despu\u00e9s de calentar hasta 800 \u00b0C (1472 \u00b0F)), con una producci\u00f3n m\u00ednima de sales de zinc. Adecuado para soldadura y corte a alta velocidad con excelente resistencia al da\u00f1o causado por soldadura, corte con gas y carenado, lo que reduce los requisitos de preparaci\u00f3n secundaria de la superficie en comparaci\u00f3n con los productos t\u00edpicos de silicato de zinc. <a href=\"https:\/\/international.brand.akzonobel.com\/m\/4d92ddc54fb1484d\/original\/Interplate_937_spa_A4_20160609.pdf\" target=\"_blank\" class=\"btFicha\" download rel=\"noopener\">Ver Ficha T\u00e9cnica<\/a><\/p>\n","protected":false},"featured_media":328,"template":"","meta":[],"product_cat":[19],"product_tag":[],"class_list":{"0":"post-327","1":"product","2":"type-product","3":"status-publish","4":"has-post-thumbnail","6":"product_cat-imprimador","8":"first","9":"instock","10":"purchasable","11":"product-type-simple"},"_links":{"self":[{"href":"https:\/\/dantepinturerias.com\/international\/wp-json\/wp\/v2\/product\/327","targetHints":{"allow":["GET"]}}],"collection":[{"href":"https:\/\/dantepinturerias.com\/international\/wp-json\/wp\/v2\/product"}],"about":[{"href":"https:\/\/dantepinturerias.com\/international\/wp-json\/wp\/v2\/types\/product"}],"wp:featuredmedia":[{"embeddable":true,"href":"https:\/\/dantepinturerias.com\/international\/wp-json\/wp\/v2\/media\/328"}],"wp:attachment":[{"href":"https:\/\/dantepinturerias.com\/international\/wp-json\/wp\/v2\/media?parent=327"}],"wp:term":[{"taxonomy":"product_cat","embeddable":true,"href":"https:\/\/dantepinturerias.com\/international\/wp-json\/wp\/v2\/product_cat?post=327"},{"taxonomy":"product_tag","embeddable":true,"href":"https:\/\/dantepinturerias.com\/international\/wp-json\/wp\/v2\/product_tag?post=327"}],"curies":[{"name":"wp","href":"https:\/\/api.w.org\/{rel}","templated":true}]}}