{"id":329,"date":"2024-05-10T17:03:57","date_gmt":"2024-05-10T20:03:57","guid":{"rendered":"https:\/\/dantepinturerias.com\/international\/producto\/intergard-2575\/"},"modified":"2024-06-21T22:37:09","modified_gmt":"2024-06-22T01:37:09","slug":"intergard-2575","status":"publish","type":"product","link":"https:\/\/dantepinturerias.com\/international\/producto\/intergard-2575\/","title":{"rendered":"Intergard 2575"},"content":{"rendered":"","protected":false},"excerpt":{"rendered":"<p>Un imprimador epoxi de fosfato de zinc\/\u00f3xido de hierro mic\u00e1ceo de dos componentes, alto contenido de s\u00f3lidos y bajo VOC, de curado r\u00e1pido, que ofrece una excelente barrera de protecci\u00f3n. Adecuado para repintar en 2 horas en condiciones clim\u00e1ticas comunes. Las propiedades de manipulaci\u00f3n temprana lo convierten en una imprimaci\u00f3n ideal para acelerar la producci\u00f3n y el rendimiento. <a href=\"https:\/\/international.brand.akzonobel.com\/m\/6324050e4aad8119\/original\/Intergard_2575_spa_usa_LTR_20180328.pdf\" target=\"_blank\" class=\"btFicha\" download rel=\"noopener\">Ver Ficha T\u00e9cnica<\/a><\/p>\n","protected":false},"featured_media":330,"template":"","meta":[],"product_cat":[19],"product_tag":[],"class_list":{"0":"post-329","1":"product","2":"type-product","3":"status-publish","4":"has-post-thumbnail","6":"product_cat-imprimador","8":"first","9":"instock","10":"purchasable","11":"product-type-simple"},"_links":{"self":[{"href":"https:\/\/dantepinturerias.com\/international\/wp-json\/wp\/v2\/product\/329","targetHints":{"allow":["GET"]}}],"collection":[{"href":"https:\/\/dantepinturerias.com\/international\/wp-json\/wp\/v2\/product"}],"about":[{"href":"https:\/\/dantepinturerias.com\/international\/wp-json\/wp\/v2\/types\/product"}],"wp:featuredmedia":[{"embeddable":true,"href":"https:\/\/dantepinturerias.com\/international\/wp-json\/wp\/v2\/media\/330"}],"wp:attachment":[{"href":"https:\/\/dantepinturerias.com\/international\/wp-json\/wp\/v2\/media?parent=329"}],"wp:term":[{"taxonomy":"product_cat","embeddable":true,"href":"https:\/\/dantepinturerias.com\/international\/wp-json\/wp\/v2\/product_cat?post=329"},{"taxonomy":"product_tag","embeddable":true,"href":"https:\/\/dantepinturerias.com\/international\/wp-json\/wp\/v2\/product_tag?post=329"}],"curies":[{"name":"wp","href":"https:\/\/api.w.org\/{rel}","templated":true}]}}