{"id":333,"date":"2024-05-10T17:03:57","date_gmt":"2024-05-10T20:03:57","guid":{"rendered":"https:\/\/dantepinturerias.com\/international\/producto\/interbuild-1072\/"},"modified":"2024-06-21T22:37:09","modified_gmt":"2024-06-22T01:37:09","slug":"interbuild-1072","status":"publish","type":"product","link":"https:\/\/dantepinturerias.com\/international\/producto\/interbuild-1072\/","title":{"rendered":"Interbuild 1072"},"content":{"rendered":"","protected":false},"excerpt":{"rendered":"<p>Interbuild 1072 es un revestimiento ep\u00f3xico para pisos con bajo contenido de VOC, dos componentes, alto espesor y alto contenido de s\u00f3lidos, reforzado con escamas de vidrio de alta relaci\u00f3n de aspecto. Tiene una excelente resistencia qu\u00edmica, a la abrasi\u00f3n y al impacto. Se puede aplicar directamente en dos manos o sobre imprimaciones homologadas dependiendo de las condiciones del soporte de hormig\u00f3n. Interbuild 1072 est\u00e1 dise\u00f1ado para usarse en \u00e1reas de alto tr\u00e1fico. <a href=\"https:\/\/international.brand.akzonobel.com\/m\/770fc995c99274e5\/original\/Interbuild_1072_eng_A4_20220825.pdf\" target=\"_blank\" class=\"btFicha\" download rel=\"noopener\">Ver Ficha T\u00e9cnica<\/a><\/p>\n","protected":false},"featured_media":334,"template":"","meta":[],"product_cat":[19],"product_tag":[],"class_list":{"0":"post-333","1":"product","2":"type-product","3":"status-publish","4":"has-post-thumbnail","6":"product_cat-imprimador","8":"first","9":"instock","10":"purchasable","11":"product-type-simple"},"_links":{"self":[{"href":"https:\/\/dantepinturerias.com\/international\/wp-json\/wp\/v2\/product\/333","targetHints":{"allow":["GET"]}}],"collection":[{"href":"https:\/\/dantepinturerias.com\/international\/wp-json\/wp\/v2\/product"}],"about":[{"href":"https:\/\/dantepinturerias.com\/international\/wp-json\/wp\/v2\/types\/product"}],"wp:featuredmedia":[{"embeddable":true,"href":"https:\/\/dantepinturerias.com\/international\/wp-json\/wp\/v2\/media\/334"}],"wp:attachment":[{"href":"https:\/\/dantepinturerias.com\/international\/wp-json\/wp\/v2\/media?parent=333"}],"wp:term":[{"taxonomy":"product_cat","embeddable":true,"href":"https:\/\/dantepinturerias.com\/international\/wp-json\/wp\/v2\/product_cat?post=333"},{"taxonomy":"product_tag","embeddable":true,"href":"https:\/\/dantepinturerias.com\/international\/wp-json\/wp\/v2\/product_tag?post=333"}],"curies":[{"name":"wp","href":"https:\/\/api.w.org\/{rel}","templated":true}]}}