{"id":355,"date":"2024-05-10T17:06:59","date_gmt":"2024-05-10T20:06:59","guid":{"rendered":"https:\/\/dantepinturerias.com\/international\/producto\/interplate-997\/"},"modified":"2024-06-21T22:36:56","modified_gmt":"2024-06-22T01:36:56","slug":"interplate-997","status":"publish","type":"product","link":"https:\/\/dantepinturerias.com\/international\/producto\/interplate-997\/","title":{"rendered":"Interplate 997"},"content":{"rendered":"<h3>Caracter\u00edsticas<\/h3>\n<table>\n<tr>\n<td>Qu\u00edmica del Producto<\/td>\n<td>Inorganic Zinc Silicate<\/td>\n<\/tr>\n<tr>\n<td>S\u00f3lidos de Volumen<\/td>\n<td>25<\/td>\n<\/tr>\n<tr>\n<td>Contenido VOC (m\u00e9todo EPA)<\/td>\n<td>636 g\/lt<\/td>\n<\/tr>\n<tr>\n<td>Opciones de Color<\/td>\n<td>Grey,Blue,Green,Red,Sand<\/td>\n<\/tr>\n<tr>\n<td>Espesor m\u00e1ximo de pel\u00edcula seca<\/td>\n<td>18<\/td>\n<\/tr>\n<tr>\n<td>Espesor m\u00ednimo de pel\u00edcula seca<\/td>\n<td>13<\/td>\n<\/tr>\n<tr>\n<td>N\u00famero de componentes<\/td>\n<td>Multi Pack<\/td>\n<\/tr>\n<\/table>\n","protected":false},"excerpt":{"rendered":"<p>Un imprimador de taller (pre-construcci\u00f3n) de silicato de zinc resistente al calor, de dos componentes, que proporciona una buena protecci\u00f3n contra la corrosi\u00f3n (incluso despu\u00e9s de calentar hasta 800 \u00b0C (1472 \u00b0F)), con una producci\u00f3n m\u00ednima de sales de zinc. Adecuado para soldadura y corte a alta velocidad con excelente resistencia al da\u00f1o causado por soldadura, corte con gas y carenado, lo que reduce los requisitos de preparaci\u00f3n secundaria de la superficie en comparaci\u00f3n con los productos t\u00edpicos de silicato de zinc. <a href=\"https:\/\/international.brand.akzonobel.com\/m\/6f2b65a00637fba8\/original\/Interplate_997_eng_usa_LTR_20150205.pdf\" target=\"_blank\" class=\"btFicha\" download rel=\"noopener\">Ver Ficha T\u00e9cnica<\/a><\/p>\n","protected":false},"featured_media":356,"template":"","meta":[],"product_cat":[19],"product_tag":[],"class_list":{"0":"post-355","1":"product","2":"type-product","3":"status-publish","4":"has-post-thumbnail","6":"product_cat-imprimador","8":"first","9":"instock","10":"purchasable","11":"product-type-simple"},"_links":{"self":[{"href":"https:\/\/dantepinturerias.com\/international\/wp-json\/wp\/v2\/product\/355","targetHints":{"allow":["GET"]}}],"collection":[{"href":"https:\/\/dantepinturerias.com\/international\/wp-json\/wp\/v2\/product"}],"about":[{"href":"https:\/\/dantepinturerias.com\/international\/wp-json\/wp\/v2\/types\/product"}],"wp:featuredmedia":[{"embeddable":true,"href":"https:\/\/dantepinturerias.com\/international\/wp-json\/wp\/v2\/media\/356"}],"wp:attachment":[{"href":"https:\/\/dantepinturerias.com\/international\/wp-json\/wp\/v2\/media?parent=355"}],"wp:term":[{"taxonomy":"product_cat","embeddable":true,"href":"https:\/\/dantepinturerias.com\/international\/wp-json\/wp\/v2\/product_cat?post=355"},{"taxonomy":"product_tag","embeddable":true,"href":"https:\/\/dantepinturerias.com\/international\/wp-json\/wp\/v2\/product_tag?post=355"}],"curies":[{"name":"wp","href":"https:\/\/api.w.org\/{rel}","templated":true}]}}