{"id":36,"date":"2024-05-10T15:34:06","date_gmt":"2024-05-10T18:34:06","guid":{"rendered":"https:\/\/dantepinturerias.com\/international\/producto\/interbuild-1091\/"},"modified":"2024-06-21T22:41:00","modified_gmt":"2024-06-22T01:41:00","slug":"interbuild-1091","status":"publish","type":"product","link":"https:\/\/dantepinturerias.com\/international\/producto\/interbuild-1091\/","title":{"rendered":"Interbuild 1091"},"content":{"rendered":"<h3>Caracter\u00edsticas<\/h3>\n<table>\n<tr>\n<td>Qu\u00edmica del Producto<\/td>\n<td>Aliphatic Poliuretano<\/td>\n<\/tr>\n<tr>\n<td>S\u00f3lidos de Volumen<\/td>\n<td>72<\/td>\n<\/tr>\n<tr>\n<td>Contenido VOC (m\u00e9todo EPA)<\/td>\n<td>g\/lt<\/td>\n<\/tr>\n<tr>\n<td>Opciones de Color<\/td>\n<td>Disponible en Chromascan<\/td>\n<\/tr>\n<tr>\n<td>Espesor m\u00e1ximo de pel\u00edcula seca<\/td>\n<td>75<\/td>\n<\/tr>\n<tr>\n<td>Espesor m\u00ednimo de pel\u00edcula seca<\/td>\n<td>50<\/td>\n<\/tr>\n<tr>\n<td>N\u00famero de componentes<\/td>\n<td>Multi Pack<\/td>\n<\/tr>\n<\/table>\n","protected":false},"excerpt":{"rendered":"<p>Interbuild 1091 es un recubrimiento de poliuretano curado con isocianato de dos componentes. Es un producto de alto rendimiento que no amarillea. Es facil de aplicar. Este producto se puede te\u00f1ir en una amplia gama de colores. Tiene excelente retenci\u00f3n de brillo y color. Tiene buena resistencia qu\u00edmica, a la abrasi\u00f3n y al impacto. Si se requiere una mayor resistencia al deslizamiento, se puede utilizar GM Non Slip en el sistema. Para ser utilizado como acabado en ambientes atmosf\u00e9ricos. Interbuild 1091 es m\u00e1s adecuado para zonas de tr\u00e1fico ligero. <a href=\"https:\/\/international.brand.akzonobel.com\/m\/2521920446334c93\/original\/Interbuild_1091_eng_A4_20220825.pdf\" target=\"_blank\" class=\"btFicha\" download rel=\"noopener\">Ver Ficha T\u00e9cnica<\/a><\/p>\n","protected":false},"featured_media":37,"template":"","meta":[],"product_cat":[17],"product_tag":[],"class_list":{"0":"post-36","1":"product","2":"type-product","3":"status-publish","4":"has-post-thumbnail","6":"product_cat-acabado","8":"first","9":"instock","10":"purchasable","11":"product-type-simple"},"_links":{"self":[{"href":"https:\/\/dantepinturerias.com\/international\/wp-json\/wp\/v2\/product\/36","targetHints":{"allow":["GET"]}}],"collection":[{"href":"https:\/\/dantepinturerias.com\/international\/wp-json\/wp\/v2\/product"}],"about":[{"href":"https:\/\/dantepinturerias.com\/international\/wp-json\/wp\/v2\/types\/product"}],"wp:featuredmedia":[{"embeddable":true,"href":"https:\/\/dantepinturerias.com\/international\/wp-json\/wp\/v2\/media\/37"}],"wp:attachment":[{"href":"https:\/\/dantepinturerias.com\/international\/wp-json\/wp\/v2\/media?parent=36"}],"wp:term":[{"taxonomy":"product_cat","embeddable":true,"href":"https:\/\/dantepinturerias.com\/international\/wp-json\/wp\/v2\/product_cat?post=36"},{"taxonomy":"product_tag","embeddable":true,"href":"https:\/\/dantepinturerias.com\/international\/wp-json\/wp\/v2\/product_tag?post=36"}],"curies":[{"name":"wp","href":"https:\/\/api.w.org\/{rel}","templated":true}]}}