{"id":369,"date":"2024-05-10T17:07:24","date_gmt":"2024-05-10T20:07:24","guid":{"rendered":"https:\/\/dantepinturerias.com\/international\/producto\/interzinc-2277\/"},"modified":"2024-06-21T22:36:55","modified_gmt":"2024-06-22T01:36:55","slug":"interzinc-2277","status":"publish","type":"product","link":"https:\/\/dantepinturerias.com\/international\/producto\/interzinc-2277\/","title":{"rendered":"Interzinc 2277"},"content":{"rendered":"<h3>Caracter\u00edsticas<\/h3>\n<table>\n<tr>\n<td>Qu\u00edmica del Producto<\/td>\n<td>Inorganic Zinc Rich Silicate<\/td>\n<\/tr>\n<tr>\n<td>S\u00f3lidos de Volumen<\/td>\n<td>66<\/td>\n<\/tr>\n<tr>\n<td>Contenido VOC (m\u00e9todo EPA)<\/td>\n<td>470 g\/lt<\/td>\n<\/tr>\n<tr>\n<td>Espesor m\u00e1ximo de pel\u00edcula seca<\/td>\n<td>75<\/td>\n<\/tr>\n<tr>\n<td>Espesor m\u00ednimo de pel\u00edcula seca<\/td>\n<td>50<\/td>\n<\/tr>\n<tr>\n<td>N\u00famero de componentes<\/td>\n<td>Multi Pack<\/td>\n<\/tr>\n<\/table>\n","protected":false},"excerpt":{"rendered":"<p>Parte de la serie de productos Interzinc 22.Un imprimador de silicato de etilo rico en zinc inorg\u00e1nico a base de solvente, de dos componentes, de r\u00e1pida aplicaci\u00f3n y curado r\u00e1pido. Cumple con SSPC Paint 20 Nivel 2. Disponible en ASTM D520, versi\u00f3n en polvo de zinc tipo II como est\u00e1ndar. <a href=\"https:\/\/international.brand.akzonobel.com\/m\/4f077f9bbf49f57b\/original\/Interzinc_2277_eng_A4_20191030.pdf\" target=\"_blank\" class=\"btFicha\" download rel=\"noopener\">Ver Ficha T\u00e9cnica<\/a><\/p>\n","protected":false},"featured_media":370,"template":"","meta":[],"product_cat":[19],"product_tag":[],"class_list":{"0":"post-369","1":"product","2":"type-product","3":"status-publish","4":"has-post-thumbnail","6":"product_cat-imprimador","8":"first","9":"instock","10":"purchasable","11":"product-type-simple"},"_links":{"self":[{"href":"https:\/\/dantepinturerias.com\/international\/wp-json\/wp\/v2\/product\/369","targetHints":{"allow":["GET"]}}],"collection":[{"href":"https:\/\/dantepinturerias.com\/international\/wp-json\/wp\/v2\/product"}],"about":[{"href":"https:\/\/dantepinturerias.com\/international\/wp-json\/wp\/v2\/types\/product"}],"wp:featuredmedia":[{"embeddable":true,"href":"https:\/\/dantepinturerias.com\/international\/wp-json\/wp\/v2\/media\/370"}],"wp:attachment":[{"href":"https:\/\/dantepinturerias.com\/international\/wp-json\/wp\/v2\/media?parent=369"}],"wp:term":[{"taxonomy":"product_cat","embeddable":true,"href":"https:\/\/dantepinturerias.com\/international\/wp-json\/wp\/v2\/product_cat?post=369"},{"taxonomy":"product_tag","embeddable":true,"href":"https:\/\/dantepinturerias.com\/international\/wp-json\/wp\/v2\/product_tag?post=369"}],"curies":[{"name":"wp","href":"https:\/\/api.w.org\/{rel}","templated":true}]}}