{"id":389,"date":"2024-05-10T17:08:21","date_gmt":"2024-05-10T20:08:21","guid":{"rendered":"https:\/\/dantepinturerias.com\/international\/producto\/intergard-251\/"},"modified":"2024-06-21T22:36:49","modified_gmt":"2024-06-22T01:36:49","slug":"intergard-251","status":"publish","type":"product","link":"https:\/\/dantepinturerias.com\/international\/producto\/intergard-251\/","title":{"rendered":"Intergard 251"},"content":{"rendered":"<h3>Caracter\u00edsticas<\/h3>\n<table>\n<tr>\n<td>Qu\u00edmica del Producto<\/td>\n<td>Epoxy<\/td>\n<\/tr>\n<tr>\n<td>S\u00f3lidos de Volumen<\/td>\n<td>63<\/td>\n<\/tr>\n<tr>\n<td>Contenido VOC (m\u00e9todo EPA)<\/td>\n<td>390 g\/lt<\/td>\n<\/tr>\n<tr>\n<td>Opciones de Color<\/td>\n<td>Buff,Grey,Red Oxide<\/td>\n<\/tr>\n<tr>\n<td>Espesor m\u00e1ximo de pel\u00edcula seca<\/td>\n<td>75<\/td>\n<\/tr>\n<tr>\n<td>Espesor m\u00ednimo de pel\u00edcula seca<\/td>\n<td>50<\/td>\n<\/tr>\n<tr>\n<td>N\u00famero de componentes<\/td>\n<td>Multi Pack<\/td>\n<\/tr>\n<\/table>\n","protected":false},"excerpt":{"rendered":"<p>Las propiedades de r\u00e1pido secado y manipulaci\u00f3n de Intergard 251, junto con su capacidad de recubrimiento extendida, lo convierten en un excelente imprimador para aplicaci\u00f3n en f\u00e1brica antes de la aplicaci\u00f3n completa del sistema en el sitio. Intergard 251 es una imprimaci\u00f3n epoxi de fosfato de zinc anticorrosivo de dos componentes para uso tanto en construcciones nuevas como en mantenimiento industrial para una amplia gama de sistemas de recubrimientos anticorrosivos. <a href=\"https:\/\/international.brand.akzonobel.com\/m\/51c1fc7a41b8795d\/original\/Intergard_251_spa_A4_20150520.pdf\" target=\"_blank\" class=\"btFicha\" download rel=\"noopener\">Ver Ficha T\u00e9cnica<\/a><\/p>\n","protected":false},"featured_media":390,"template":"","meta":[],"product_cat":[19],"product_tag":[],"class_list":{"0":"post-389","1":"product","2":"type-product","3":"status-publish","4":"has-post-thumbnail","6":"product_cat-imprimador","8":"first","9":"instock","10":"purchasable","11":"product-type-simple"},"_links":{"self":[{"href":"https:\/\/dantepinturerias.com\/international\/wp-json\/wp\/v2\/product\/389","targetHints":{"allow":["GET"]}}],"collection":[{"href":"https:\/\/dantepinturerias.com\/international\/wp-json\/wp\/v2\/product"}],"about":[{"href":"https:\/\/dantepinturerias.com\/international\/wp-json\/wp\/v2\/types\/product"}],"wp:featuredmedia":[{"embeddable":true,"href":"https:\/\/dantepinturerias.com\/international\/wp-json\/wp\/v2\/media\/390"}],"wp:attachment":[{"href":"https:\/\/dantepinturerias.com\/international\/wp-json\/wp\/v2\/media?parent=389"}],"wp:term":[{"taxonomy":"product_cat","embeddable":true,"href":"https:\/\/dantepinturerias.com\/international\/wp-json\/wp\/v2\/product_cat?post=389"},{"taxonomy":"product_tag","embeddable":true,"href":"https:\/\/dantepinturerias.com\/international\/wp-json\/wp\/v2\/product_tag?post=389"}],"curies":[{"name":"wp","href":"https:\/\/api.w.org\/{rel}","templated":true}]}}