{"id":417,"date":"2024-05-10T17:10:35","date_gmt":"2024-05-10T20:10:35","guid":{"rendered":"https:\/\/dantepinturerias.com\/international\/producto\/intercure-200\/"},"modified":"2024-06-21T22:36:12","modified_gmt":"2024-06-22T01:36:12","slug":"intercure-200","status":"publish","type":"product","link":"https:\/\/dantepinturerias.com\/international\/producto\/intercure-200\/","title":{"rendered":"Intercure 200"},"content":{"rendered":"","protected":false},"excerpt":{"rendered":"<p>Un imprimador epoxi de fosfato de zinc\/\u00f3xido de hierro mic\u00e1ceo de dos componentes, formulado con tecnolog\u00eda de pol\u00edmeros patentada, que proporciona un curado y recubrimiento r\u00e1pidos incluso en condiciones de baja temperatura.Un producto con alto contenido de s\u00f3lidos y bajo VOC. <a href=\"https:\/\/international.brand.akzonobel.com\/m\/5173d7e8617735ad\/original\/Intercure_200_spa_A4_20231208.pdf\" target=\"_blank\" class=\"btFicha\" download rel=\"noopener\">Ver Ficha T\u00e9cnica<\/a><\/p>\n","protected":false},"featured_media":418,"template":"","meta":[],"product_cat":[19],"product_tag":[],"class_list":{"0":"post-417","1":"product","2":"type-product","3":"status-publish","4":"has-post-thumbnail","6":"product_cat-imprimador","8":"first","9":"instock","10":"purchasable","11":"product-type-simple"},"_links":{"self":[{"href":"https:\/\/dantepinturerias.com\/international\/wp-json\/wp\/v2\/product\/417","targetHints":{"allow":["GET"]}}],"collection":[{"href":"https:\/\/dantepinturerias.com\/international\/wp-json\/wp\/v2\/product"}],"about":[{"href":"https:\/\/dantepinturerias.com\/international\/wp-json\/wp\/v2\/types\/product"}],"wp:featuredmedia":[{"embeddable":true,"href":"https:\/\/dantepinturerias.com\/international\/wp-json\/wp\/v2\/media\/418"}],"wp:attachment":[{"href":"https:\/\/dantepinturerias.com\/international\/wp-json\/wp\/v2\/media?parent=417"}],"wp:term":[{"taxonomy":"product_cat","embeddable":true,"href":"https:\/\/dantepinturerias.com\/international\/wp-json\/wp\/v2\/product_cat?post=417"},{"taxonomy":"product_tag","embeddable":true,"href":"https:\/\/dantepinturerias.com\/international\/wp-json\/wp\/v2\/product_tag?post=417"}],"curies":[{"name":"wp","href":"https:\/\/api.w.org\/{rel}","templated":true}]}}