{"id":423,"date":"2024-05-10T17:10:35","date_gmt":"2024-05-10T20:10:35","guid":{"rendered":"https:\/\/dantepinturerias.com\/international\/producto\/interzinc-22hs\/"},"modified":"2024-06-21T22:36:12","modified_gmt":"2024-06-22T01:36:12","slug":"interzinc-22hs","status":"publish","type":"product","link":"https:\/\/dantepinturerias.com\/international\/producto\/interzinc-22hs\/","title":{"rendered":"Interzinc 22HS"},"content":{"rendered":"<h3>Caracter\u00edsticas<\/h3>\n<table>\n<tr>\n<td>Qu\u00edmica del Producto<\/td>\n<td>Inorganic Zinc-Rich Silicate<\/td>\n<\/tr>\n<tr>\n<td>S\u00f3lidos de Volumen<\/td>\n<td>81<\/td>\n<\/tr>\n<tr>\n<td>Contenido VOC (m\u00e9todo EPA)<\/td>\n<td>290 g\/lt<\/td>\n<\/tr>\n<tr>\n<td>Opciones de Color<\/td>\n<td>Reddish Grey,Grey<\/td>\n<\/tr>\n<tr>\n<td>Espesor m\u00e1ximo de pel\u00edcula seca<\/td>\n<td>75<\/td>\n<\/tr>\n<tr>\n<td>Espesor m\u00ednimo de pel\u00edcula seca<\/td>\n<td>62<\/td>\n<\/tr>\n<tr>\n<td>N\u00famero de componentes<\/td>\n<td>Multi Pack<\/td>\n<\/tr>\n<\/table>\n","protected":false},"excerpt":{"rendered":"<p>Un imprimador inorg\u00e1nico a base de silicato de etilo, rico en zinc y con bajo VOC, que proporciona una excelente protecci\u00f3n contra la corrosi\u00f3n para superficies de acero preparadas adecuadamente. Contiene 82% de polvo de zinc en la pel\u00edcula seca para una protecci\u00f3n contra la corrosi\u00f3n a largo plazo. <a href=\"https:\/\/international.brand.akzonobel.com\/m\/7d61fb37170ece56\/original\/Interzinc_22HS_eng_usa_LTR_20160301.pdf\" target=\"_blank\" class=\"btFicha\" download rel=\"noopener\">Ver Ficha T\u00e9cnica<\/a><\/p>\n","protected":false},"featured_media":424,"template":"","meta":[],"product_cat":[19],"product_tag":[],"class_list":{"0":"post-423","1":"product","2":"type-product","3":"status-publish","4":"has-post-thumbnail","6":"product_cat-imprimador","8":"first","9":"instock","10":"purchasable","11":"product-type-simple"},"_links":{"self":[{"href":"https:\/\/dantepinturerias.com\/international\/wp-json\/wp\/v2\/product\/423","targetHints":{"allow":["GET"]}}],"collection":[{"href":"https:\/\/dantepinturerias.com\/international\/wp-json\/wp\/v2\/product"}],"about":[{"href":"https:\/\/dantepinturerias.com\/international\/wp-json\/wp\/v2\/types\/product"}],"wp:featuredmedia":[{"embeddable":true,"href":"https:\/\/dantepinturerias.com\/international\/wp-json\/wp\/v2\/media\/424"}],"wp:attachment":[{"href":"https:\/\/dantepinturerias.com\/international\/wp-json\/wp\/v2\/media?parent=423"}],"wp:term":[{"taxonomy":"product_cat","embeddable":true,"href":"https:\/\/dantepinturerias.com\/international\/wp-json\/wp\/v2\/product_cat?post=423"},{"taxonomy":"product_tag","embeddable":true,"href":"https:\/\/dantepinturerias.com\/international\/wp-json\/wp\/v2\/product_tag?post=423"}],"curies":[{"name":"wp","href":"https:\/\/api.w.org\/{rel}","templated":true}]}}