{"id":431,"date":"2024-05-10T17:11:26","date_gmt":"2024-05-10T20:11:26","guid":{"rendered":"https:\/\/dantepinturerias.com\/international\/producto\/interplus-356\/"},"modified":"2024-06-21T22:36:08","modified_gmt":"2024-06-22T01:36:08","slug":"interplus-356","status":"publish","type":"product","link":"https:\/\/dantepinturerias.com\/international\/producto\/interplus-356\/","title":{"rendered":"Interplus 356"},"content":{"rendered":"<h3>Caracter\u00edsticas<\/h3>\n<table>\n<tr>\n<td>Qu\u00edmica del Producto<\/td>\n<td>Surface Tolerant Epoxy<\/td>\n<\/tr>\n<tr>\n<td>S\u00f3lidos de Volumen<\/td>\n<td>70<\/td>\n<\/tr>\n<tr>\n<td>Contenido VOC (m\u00e9todo EPA)<\/td>\n<td>305 g\/lt<\/td>\n<\/tr>\n<tr>\n<td>Opciones de Color<\/td>\n<td>Aluminium Grey<\/td>\n<\/tr>\n<tr>\n<td>Espesor m\u00e1ximo de pel\u00edcula seca<\/td>\n<td>125<\/td>\n<\/tr>\n<tr>\n<td>Espesor m\u00ednimo de pel\u00edcula seca<\/td>\n<td>75<\/td>\n<\/tr>\n<tr>\n<td>N\u00famero de componentes<\/td>\n<td>Multi Pack<\/td>\n<\/tr>\n<\/table>\n","protected":false},"excerpt":{"rendered":"<p>Interplus 356 es un imprimador ep\u00f3xico de bajo VOC, de dos componentes y de alto espesor, tolerante a superficies, dise\u00f1ado espec\u00edficamente para uso a bajas temperaturas o donde es esencial una r\u00e1pida aplicaci\u00f3n de recubrimiento. Interplus 356, pigmentado con aluminio y MIO para mejorar la resistencia a la corrosi\u00f3n, es una opci\u00f3n ideal para el mantenimiento en entornos marinos agresivos. <a href=\"https:\/\/international.brand.akzonobel.com\/m\/5cc889cf7435e13c\/original\/Interplus_356_spa_usa_LTR_20231208.pdf\" target=\"_blank\" class=\"btFicha\" download rel=\"noopener\">Ver Ficha T\u00e9cnica<\/a><\/p>\n","protected":false},"featured_media":432,"template":"","meta":[],"product_cat":[19],"product_tag":[],"class_list":{"0":"post-431","1":"product","2":"type-product","3":"status-publish","4":"has-post-thumbnail","6":"product_cat-imprimador","8":"first","9":"instock","10":"purchasable","11":"product-type-simple"},"_links":{"self":[{"href":"https:\/\/dantepinturerias.com\/international\/wp-json\/wp\/v2\/product\/431","targetHints":{"allow":["GET"]}}],"collection":[{"href":"https:\/\/dantepinturerias.com\/international\/wp-json\/wp\/v2\/product"}],"about":[{"href":"https:\/\/dantepinturerias.com\/international\/wp-json\/wp\/v2\/types\/product"}],"wp:featuredmedia":[{"embeddable":true,"href":"https:\/\/dantepinturerias.com\/international\/wp-json\/wp\/v2\/media\/432"}],"wp:attachment":[{"href":"https:\/\/dantepinturerias.com\/international\/wp-json\/wp\/v2\/media?parent=431"}],"wp:term":[{"taxonomy":"product_cat","embeddable":true,"href":"https:\/\/dantepinturerias.com\/international\/wp-json\/wp\/v2\/product_cat?post=431"},{"taxonomy":"product_tag","embeddable":true,"href":"https:\/\/dantepinturerias.com\/international\/wp-json\/wp\/v2\/product_tag?post=431"}],"curies":[{"name":"wp","href":"https:\/\/api.w.org\/{rel}","templated":true}]}}