{"id":439,"date":"2024-05-10T17:12:14","date_gmt":"2024-05-10T20:12:14","guid":{"rendered":"https:\/\/dantepinturerias.com\/international\/producto\/ceilcote-380-primer\/"},"modified":"2024-06-21T22:36:05","modified_gmt":"2024-06-22T01:36:05","slug":"ceilcote-380-primer","status":"publish","type":"product","link":"https:\/\/dantepinturerias.com\/international\/producto\/ceilcote-380-primer\/","title":{"rendered":"Ceilcote 380 Primer"},"content":{"rendered":"<h3>Caracter\u00edsticas<\/h3>\n<table>\n<tr>\n<td>Qu\u00edmica del Producto<\/td>\n<td>Vinyl Ester<\/td>\n<\/tr>\n<tr>\n<td>S\u00f3lidos de Volumen<\/td>\n<td>75<\/td>\n<\/tr>\n<tr>\n<td>Contenido VOC (m\u00e9todo EPA)<\/td>\n<td>361 g\/lt<\/td>\n<\/tr>\n<tr>\n<td>Opciones de Color<\/td>\n<td>Translucent purple<\/td>\n<\/tr>\n<tr>\n<td>Espesor m\u00e1ximo de pel\u00edcula seca<\/td>\n<td>125<\/td>\n<\/tr>\n<tr>\n<td>Espesor m\u00ednimo de pel\u00edcula seca<\/td>\n<td>50<\/td>\n<\/tr>\n<tr>\n<td>N\u00famero de componentes<\/td>\n<td>Multi Pack<\/td>\n<\/tr>\n<tr>\n<td>Attributes<\/td>\n<td>Solvent Free<\/td>\n<\/tr>\n<\/table>\n","protected":false},"excerpt":{"rendered":"<p>Ceilcote 380 Primer es un imprimador de \u00e9ster vin\u00edlico catalizado. Proporciona excelente uni\u00f3n y adhesi\u00f3n para diversos revestimientos, revestimientos y sistemas de pisos de poli\u00e9ster y vinil\u00e9ster, as\u00ed como para sistemas de pol\u00edmeros h\u00edbridos Ceilcote. <a href=\"https:\/\/international.brand.akzonobel.com\/m\/b32e8c6b7f8fd22\/original\/Ceilcote_380_Primer_spa_A4_20220420.pdf\" target=\"_blank\" class=\"btFicha\" download rel=\"noopener\">Ver Ficha T\u00e9cnica<\/a><\/p>\n","protected":false},"featured_media":440,"template":"","meta":[],"product_cat":[19],"product_tag":[],"class_list":{"0":"post-439","1":"product","2":"type-product","3":"status-publish","4":"has-post-thumbnail","6":"product_cat-imprimador","8":"first","9":"instock","10":"purchasable","11":"product-type-simple"},"_links":{"self":[{"href":"https:\/\/dantepinturerias.com\/international\/wp-json\/wp\/v2\/product\/439","targetHints":{"allow":["GET"]}}],"collection":[{"href":"https:\/\/dantepinturerias.com\/international\/wp-json\/wp\/v2\/product"}],"about":[{"href":"https:\/\/dantepinturerias.com\/international\/wp-json\/wp\/v2\/types\/product"}],"wp:featuredmedia":[{"embeddable":true,"href":"https:\/\/dantepinturerias.com\/international\/wp-json\/wp\/v2\/media\/440"}],"wp:attachment":[{"href":"https:\/\/dantepinturerias.com\/international\/wp-json\/wp\/v2\/media?parent=439"}],"wp:term":[{"taxonomy":"product_cat","embeddable":true,"href":"https:\/\/dantepinturerias.com\/international\/wp-json\/wp\/v2\/product_cat?post=439"},{"taxonomy":"product_tag","embeddable":true,"href":"https:\/\/dantepinturerias.com\/international\/wp-json\/wp\/v2\/product_tag?post=439"}],"curies":[{"name":"wp","href":"https:\/\/api.w.org\/{rel}","templated":true}]}}