{"id":443,"date":"2024-05-10T17:12:14","date_gmt":"2024-05-10T20:12:14","guid":{"rendered":"https:\/\/dantepinturerias.com\/international\/producto\/interzinc-22\/"},"modified":"2024-06-21T22:36:07","modified_gmt":"2024-06-22T01:36:07","slug":"interzinc-22","status":"publish","type":"product","link":"https:\/\/dantepinturerias.com\/international\/producto\/interzinc-22\/","title":{"rendered":"Interzinc 22"},"content":{"rendered":"<h3>Caracter\u00edsticas<\/h3>\n<table>\n<tr>\n<td>Qu\u00edmica del Producto<\/td>\n<td>Inorganic Zinc Rich Silicate<\/td>\n<\/tr>\n<tr>\n<td>S\u00f3lidos de Volumen<\/td>\n<td>63<\/td>\n<\/tr>\n<tr>\n<td>Contenido VOC (m\u00e9todo EPA)<\/td>\n<td>470 g\/lt<\/td>\n<\/tr>\n<tr>\n<td>Opciones de Color<\/td>\n<td>Green,Grey<\/td>\n<\/tr>\n<tr>\n<td>Espesor m\u00e1ximo de pel\u00edcula seca<\/td>\n<td>75<\/td>\n<\/tr>\n<tr>\n<td>Espesor m\u00ednimo de pel\u00edcula seca<\/td>\n<td>50<\/td>\n<\/tr>\n<tr>\n<td>N\u00famero de componentes<\/td>\n<td>Multi Pack<\/td>\n<\/tr>\n<\/table>\n","protected":false},"excerpt":{"rendered":"<p>Con un 85% de zinc, Interzinc 22 es una imprimaci\u00f3n de silicato rica en zinc ideal para acero en ambientes agresivos y corrosivos. La tecnolog\u00eda de repintado r\u00e1pido permite un rendimiento m\u00e1s r\u00e1pido del acero revestido, lo que mejora enormemente la productividad. Interzinc 22 cumple con SSPC Paint 20 Nivel 1 y ASTM D20 D520 Tipo II y tambi\u00e9n puede usarse como revestimiento de tanques para el transporte de diferentes cargas qu\u00edmicas. <a href=\"https:\/\/international.brand.akzonobel.com\/m\/68248e663f74b756\/original\/Interzinc_22_spa_A4_20230605.pdf\" target=\"_blank\" class=\"btFicha\" download rel=\"noopener\">Ver Ficha T\u00e9cnica<\/a><\/p>\n","protected":false},"featured_media":444,"template":"","meta":[],"product_cat":[19],"product_tag":[],"class_list":{"0":"post-443","1":"product","2":"type-product","3":"status-publish","4":"has-post-thumbnail","6":"product_cat-imprimador","8":"first","9":"instock","10":"purchasable","11":"product-type-simple"},"_links":{"self":[{"href":"https:\/\/dantepinturerias.com\/international\/wp-json\/wp\/v2\/product\/443","targetHints":{"allow":["GET"]}}],"collection":[{"href":"https:\/\/dantepinturerias.com\/international\/wp-json\/wp\/v2\/product"}],"about":[{"href":"https:\/\/dantepinturerias.com\/international\/wp-json\/wp\/v2\/types\/product"}],"wp:featuredmedia":[{"embeddable":true,"href":"https:\/\/dantepinturerias.com\/international\/wp-json\/wp\/v2\/media\/444"}],"wp:attachment":[{"href":"https:\/\/dantepinturerias.com\/international\/wp-json\/wp\/v2\/media?parent=443"}],"wp:term":[{"taxonomy":"product_cat","embeddable":true,"href":"https:\/\/dantepinturerias.com\/international\/wp-json\/wp\/v2\/product_cat?post=443"},{"taxonomy":"product_tag","embeddable":true,"href":"https:\/\/dantepinturerias.com\/international\/wp-json\/wp\/v2\/product_tag?post=443"}],"curies":[{"name":"wp","href":"https:\/\/api.w.org\/{rel}","templated":true}]}}