{"id":445,"date":"2024-05-10T17:12:43","date_gmt":"2024-05-10T20:12:43","guid":{"rendered":"https:\/\/dantepinturerias.com\/international\/producto\/intergard-251hs\/"},"modified":"2024-06-21T22:36:04","modified_gmt":"2024-06-22T01:36:04","slug":"intergard-251hs","status":"publish","type":"product","link":"https:\/\/dantepinturerias.com\/international\/producto\/intergard-251hs\/","title":{"rendered":"Intergard 251HS"},"content":{"rendered":"<h3>Caracter\u00edsticas<\/h3>\n<table>\n<tr>\n<td>Qu\u00edmica del Producto<\/td>\n<td>Epoxy<\/td>\n<\/tr>\n<tr>\n<td>S\u00f3lidos de Volumen<\/td>\n<td>75<\/td>\n<\/tr>\n<tr>\n<td>Contenido VOC (m\u00e9todo EPA)<\/td>\n<td>243 g\/lt<\/td>\n<\/tr>\n<tr>\n<td>Opciones de Color<\/td>\n<td>Red,Grey,Buff<\/td>\n<\/tr>\n<tr>\n<td>Espesor m\u00e1ximo de pel\u00edcula seca<\/td>\n<td>200<\/td>\n<\/tr>\n<tr>\n<td>Espesor m\u00ednimo de pel\u00edcula seca<\/td>\n<td>75<\/td>\n<\/tr>\n<tr>\n<td>N\u00famero de componentes<\/td>\n<td>Multi Pack<\/td>\n<\/tr>\n<\/table>\n","protected":false},"excerpt":{"rendered":"<p>Las propiedades de manipulaci\u00f3n temprana hacen de Intergard 251HS una imprimaci\u00f3n ideal para acelerar la producci\u00f3n y el rendimiento. Se elimina la necesidad de adelgazar, lo que genera a\u00fan m\u00e1s ahorros de costos y beneficios de productividad. Intergard 251HS es una imprimaci\u00f3n epoxi de curado r\u00e1pido, de dos componentes, con bajo contenido de COV y alto contenido de s\u00f3lidos, que contiene pigmentaci\u00f3n anticorrosiva de fosfato de zinc. <a href=\"https:\/\/international.brand.akzonobel.com\/m\/356a646f27aa3df0\/original\/Intergard_251HS_spa_A4_20231208.pdf\" target=\"_blank\" class=\"btFicha\" download rel=\"noopener\">Ver Ficha T\u00e9cnica<\/a><\/p>\n","protected":false},"featured_media":446,"template":"","meta":[],"product_cat":[19],"product_tag":[],"class_list":{"0":"post-445","1":"product","2":"type-product","3":"status-publish","4":"has-post-thumbnail","6":"product_cat-imprimador","8":"first","9":"instock","10":"purchasable","11":"product-type-simple"},"_links":{"self":[{"href":"https:\/\/dantepinturerias.com\/international\/wp-json\/wp\/v2\/product\/445","targetHints":{"allow":["GET"]}}],"collection":[{"href":"https:\/\/dantepinturerias.com\/international\/wp-json\/wp\/v2\/product"}],"about":[{"href":"https:\/\/dantepinturerias.com\/international\/wp-json\/wp\/v2\/types\/product"}],"wp:featuredmedia":[{"embeddable":true,"href":"https:\/\/dantepinturerias.com\/international\/wp-json\/wp\/v2\/media\/446"}],"wp:attachment":[{"href":"https:\/\/dantepinturerias.com\/international\/wp-json\/wp\/v2\/media?parent=445"}],"wp:term":[{"taxonomy":"product_cat","embeddable":true,"href":"https:\/\/dantepinturerias.com\/international\/wp-json\/wp\/v2\/product_cat?post=445"},{"taxonomy":"product_tag","embeddable":true,"href":"https:\/\/dantepinturerias.com\/international\/wp-json\/wp\/v2\/product_tag?post=445"}],"curies":[{"name":"wp","href":"https:\/\/api.w.org\/{rel}","templated":true}]}}