{"id":449,"date":"2024-05-10T17:12:43","date_gmt":"2024-05-10T20:12:43","guid":{"rendered":"https:\/\/dantepinturerias.com\/international\/producto\/intercure-200hs\/"},"modified":"2024-06-21T22:36:03","modified_gmt":"2024-06-22T01:36:03","slug":"intercure-200hs","status":"publish","type":"product","link":"https:\/\/dantepinturerias.com\/international\/producto\/intercure-200hs\/","title":{"rendered":"Intercure 200HS"},"content":{"rendered":"<h3>Caracter\u00edsticas<\/h3>\n<table>\n<tr>\n<td>Qu\u00edmica del Producto<\/td>\n<td>Rapid Recoat Epoxy<\/td>\n<\/tr>\n<tr>\n<td>S\u00f3lidos de Volumen<\/td>\n<td>80<\/td>\n<\/tr>\n<tr>\n<td>Contenido VOC (m\u00e9todo EPA)<\/td>\n<td>230 g\/lt<\/td>\n<\/tr>\n<tr>\n<td>Opciones de Color<\/td>\n<td>Sand,Grey,Red<\/td>\n<\/tr>\n<tr>\n<td>Espesor m\u00e1ximo de pel\u00edcula seca<\/td>\n<td>200<\/td>\n<\/tr>\n<tr>\n<td>Espesor m\u00ednimo de pel\u00edcula seca<\/td>\n<td>150<\/td>\n<\/tr>\n<tr>\n<td>N\u00famero de componentes<\/td>\n<td>Multi Pack<\/td>\n<\/tr>\n<\/table>\n","protected":false},"excerpt":{"rendered":"<p>Intercure 200HS es un imprimador\/intermedio ep\u00f3xico de fosfato de zinc, de dos componentes, con alto contenido de s\u00f3lidos y bajo VOC, de secado r\u00e1pido, que ofrece una excelente protecci\u00f3n de barrera, curado a baja temperatura y propiedades de recubrimiento r\u00e1pido. Completo con MIO, Intercure 200HS puede acelerar la producci\u00f3n y el rendimiento en los talleres de fabricaci\u00f3n. <a href=\"https:\/\/international.brand.akzonobel.com\/m\/7fa12db130ee4724\/original\/Intercure_200HS_spa_usa_LTR_20110316.pdf\" target=\"_blank\" class=\"btFicha\" download rel=\"noopener\">Ver Ficha T\u00e9cnica<\/a><\/p>\n","protected":false},"featured_media":450,"template":"","meta":[],"product_cat":[19],"product_tag":[],"class_list":{"0":"post-449","1":"product","2":"type-product","3":"status-publish","4":"has-post-thumbnail","6":"product_cat-imprimador","8":"first","9":"instock","10":"purchasable","11":"product-type-simple"},"_links":{"self":[{"href":"https:\/\/dantepinturerias.com\/international\/wp-json\/wp\/v2\/product\/449","targetHints":{"allow":["GET"]}}],"collection":[{"href":"https:\/\/dantepinturerias.com\/international\/wp-json\/wp\/v2\/product"}],"about":[{"href":"https:\/\/dantepinturerias.com\/international\/wp-json\/wp\/v2\/types\/product"}],"wp:featuredmedia":[{"embeddable":true,"href":"https:\/\/dantepinturerias.com\/international\/wp-json\/wp\/v2\/media\/450"}],"wp:attachment":[{"href":"https:\/\/dantepinturerias.com\/international\/wp-json\/wp\/v2\/media?parent=449"}],"wp:term":[{"taxonomy":"product_cat","embeddable":true,"href":"https:\/\/dantepinturerias.com\/international\/wp-json\/wp\/v2\/product_cat?post=449"},{"taxonomy":"product_tag","embeddable":true,"href":"https:\/\/dantepinturerias.com\/international\/wp-json\/wp\/v2\/product_tag?post=449"}],"curies":[{"name":"wp","href":"https:\/\/api.w.org\/{rel}","templated":true}]}}