{"id":451,"date":"2024-05-10T17:12:43","date_gmt":"2024-05-10T20:12:43","guid":{"rendered":"https:\/\/dantepinturerias.com\/international\/producto\/interzone-1000\/"},"modified":"2024-06-21T22:36:02","modified_gmt":"2024-06-22T01:36:02","slug":"interzone-1000","status":"publish","type":"product","link":"https:\/\/dantepinturerias.com\/international\/producto\/interzone-1000\/","title":{"rendered":"Interzone 1000"},"content":{"rendered":"<h3>Caracter\u00edsticas<\/h3>\n<table>\n<tr>\n<td>Qu\u00edmica del Producto<\/td>\n<td>Glass Flake Epoxy<\/td>\n<\/tr>\n<tr>\n<td>S\u00f3lidos de Volumen<\/td>\n<td>92<\/td>\n<\/tr>\n<tr>\n<td>Contenido VOC (m\u00e9todo EPA)<\/td>\n<td>75 g\/lt<\/td>\n<\/tr>\n<tr>\n<td>Opciones de Color<\/td>\n<td>Limited range<\/td>\n<\/tr>\n<tr>\n<td>Espesor m\u00e1ximo de pel\u00edcula seca<\/td>\n<td>1000<\/td>\n<\/tr>\n<tr>\n<td>Espesor m\u00ednimo de pel\u00edcula seca<\/td>\n<td>500<\/td>\n<\/tr>\n<tr>\n<td>N\u00famero de componentes<\/td>\n<td>Multi Pack<\/td>\n<\/tr>\n<\/table>\n","protected":false},"excerpt":{"rendered":"<p>Con un historial comprobado que abarca m\u00e1s de 30 a\u00f1os, Interzone 1000 de bajo VOC es un recubrimiento ep\u00f3xico de dos componentes de alto espesor pigmentado con escamas de vidrio laminar. Interzone 1000 extiende la vida \u00fatil de los activos al proporcionar una excelente resistencia a la abrasi\u00f3n y la corrosi\u00f3n en estructuras de acero ubicadas en los entornos marinos m\u00e1s hostiles. Interzone 1000 tambi\u00e9n se puede utilizar en sistemas de revestimiento de terrazas con el agregado adecuado. <a href=\"https:\/\/international.brand.akzonobel.com\/m\/33c980ca2db4b521\/original\/Interzone_1000_spa_usa_LTR_20231212.pdf\" target=\"_blank\" class=\"btFicha\" download rel=\"noopener\">Ver Ficha T\u00e9cnica<\/a><\/p>\n","protected":false},"featured_media":452,"template":"","meta":[],"product_cat":[19],"product_tag":[],"class_list":{"0":"post-451","1":"product","2":"type-product","3":"status-publish","4":"has-post-thumbnail","6":"product_cat-imprimador","8":"first","9":"instock","10":"purchasable","11":"product-type-simple"},"_links":{"self":[{"href":"https:\/\/dantepinturerias.com\/international\/wp-json\/wp\/v2\/product\/451","targetHints":{"allow":["GET"]}}],"collection":[{"href":"https:\/\/dantepinturerias.com\/international\/wp-json\/wp\/v2\/product"}],"about":[{"href":"https:\/\/dantepinturerias.com\/international\/wp-json\/wp\/v2\/types\/product"}],"wp:featuredmedia":[{"embeddable":true,"href":"https:\/\/dantepinturerias.com\/international\/wp-json\/wp\/v2\/media\/452"}],"wp:attachment":[{"href":"https:\/\/dantepinturerias.com\/international\/wp-json\/wp\/v2\/media?parent=451"}],"wp:term":[{"taxonomy":"product_cat","embeddable":true,"href":"https:\/\/dantepinturerias.com\/international\/wp-json\/wp\/v2\/product_cat?post=451"},{"taxonomy":"product_tag","embeddable":true,"href":"https:\/\/dantepinturerias.com\/international\/wp-json\/wp\/v2\/product_tag?post=451"}],"curies":[{"name":"wp","href":"https:\/\/api.w.org\/{rel}","templated":true}]}}