{"id":463,"date":"2024-05-10T17:14:00","date_gmt":"2024-05-10T20:14:00","guid":{"rendered":"https:\/\/dantepinturerias.com\/international\/producto\/enviroline-58uhs\/"},"modified":"2024-06-21T22:35:57","modified_gmt":"2024-06-22T01:35:57","slug":"enviroline-58uhs","status":"publish","type":"product","link":"https:\/\/dantepinturerias.com\/international\/producto\/enviroline-58uhs\/","title":{"rendered":"Enviroline 58UHS"},"content":{"rendered":"","protected":false},"excerpt":{"rendered":"<p>Enviroline 58UHS es una imprimaci\u00f3n ep\u00f3xica inhibidora de \u00f3xido con contenido ultra alto de s\u00f3lidos, baja viscosidad y <100 g\/l que cumple con VOC. <a href=\"https:\/\/international.brand.akzonobel.com\/m\/3adc441a65da1f87\/original\/Enviroline_58UHS_eng_usa_LTR_20150205.pdf\" target=\"_blank\" class=\"btFicha\" download rel=\"noopener\">Ver Ficha T\u00e9cnica<\/a><\/p>\n","protected":false},"featured_media":464,"template":"","meta":[],"product_cat":[19],"product_tag":[],"class_list":{"0":"post-463","1":"product","2":"type-product","3":"status-publish","4":"has-post-thumbnail","6":"product_cat-imprimador","8":"first","9":"instock","10":"purchasable","11":"product-type-simple"},"_links":{"self":[{"href":"https:\/\/dantepinturerias.com\/international\/wp-json\/wp\/v2\/product\/463","targetHints":{"allow":["GET"]}}],"collection":[{"href":"https:\/\/dantepinturerias.com\/international\/wp-json\/wp\/v2\/product"}],"about":[{"href":"https:\/\/dantepinturerias.com\/international\/wp-json\/wp\/v2\/types\/product"}],"wp:featuredmedia":[{"embeddable":true,"href":"https:\/\/dantepinturerias.com\/international\/wp-json\/wp\/v2\/media\/464"}],"wp:attachment":[{"href":"https:\/\/dantepinturerias.com\/international\/wp-json\/wp\/v2\/media?parent=463"}],"wp:term":[{"taxonomy":"product_cat","embeddable":true,"href":"https:\/\/dantepinturerias.com\/international\/wp-json\/wp\/v2\/product_cat?post=463"},{"taxonomy":"product_tag","embeddable":true,"href":"https:\/\/dantepinturerias.com\/international\/wp-json\/wp\/v2\/product_tag?post=463"}],"curies":[{"name":"wp","href":"https:\/\/api.w.org\/{rel}","templated":true}]}}