{"id":465,"date":"2024-05-10T17:14:00","date_gmt":"2024-05-10T20:14:00","guid":{"rendered":"https:\/\/dantepinturerias.com\/international\/producto\/ceilcote-680m\/"},"modified":"2024-06-21T22:35:56","modified_gmt":"2024-06-22T01:35:56","slug":"ceilcote-680m","status":"publish","type":"product","link":"https:\/\/dantepinturerias.com\/international\/producto\/ceilcote-680m\/","title":{"rendered":"Ceilcote 680M"},"content":{"rendered":"","protected":false},"excerpt":{"rendered":"<p>Ceilcote 680M Primer\/Saturant es un compuesto ep\u00f3xico de baja viscosidad y 85% de volumen de s\u00f3lidos basado en una tecnolog\u00eda \u00fanica de curado de aductos. Esto proporciona tolerancia a la humedad de la superficie a temperaturas de hasta 2 \u00b0C (32 \u00b0F) y la capacidad de curar en presencia de humedad. La adici\u00f3n de Ceilcote C#1 Powder proporciona conductividad donde sea necesario. <a href=\"https:\/\/international.brand.akzonobel.com\/m\/17ba36954f070af5\/original\/Ceilcote_680M_spa_usa_LTR_20090807.pdf\" target=\"_blank\" class=\"btFicha\" download rel=\"noopener\">Ver Ficha T\u00e9cnica<\/a><\/p>\n","protected":false},"featured_media":466,"template":"","meta":[],"product_cat":[19],"product_tag":[],"class_list":{"0":"post-465","1":"product","2":"type-product","3":"status-publish","4":"has-post-thumbnail","6":"product_cat-imprimador","8":"first","9":"instock","10":"purchasable","11":"product-type-simple"},"_links":{"self":[{"href":"https:\/\/dantepinturerias.com\/international\/wp-json\/wp\/v2\/product\/465","targetHints":{"allow":["GET"]}}],"collection":[{"href":"https:\/\/dantepinturerias.com\/international\/wp-json\/wp\/v2\/product"}],"about":[{"href":"https:\/\/dantepinturerias.com\/international\/wp-json\/wp\/v2\/types\/product"}],"wp:featuredmedia":[{"embeddable":true,"href":"https:\/\/dantepinturerias.com\/international\/wp-json\/wp\/v2\/media\/466"}],"wp:attachment":[{"href":"https:\/\/dantepinturerias.com\/international\/wp-json\/wp\/v2\/media?parent=465"}],"wp:term":[{"taxonomy":"product_cat","embeddable":true,"href":"https:\/\/dantepinturerias.com\/international\/wp-json\/wp\/v2\/product_cat?post=465"},{"taxonomy":"product_tag","embeddable":true,"href":"https:\/\/dantepinturerias.com\/international\/wp-json\/wp\/v2\/product_tag?post=465"}],"curies":[{"name":"wp","href":"https:\/\/api.w.org\/{rel}","templated":true}]}}