{"id":477,"date":"2024-05-10T17:15:03","date_gmt":"2024-05-10T20:15:03","guid":{"rendered":"https:\/\/dantepinturerias.com\/international\/producto\/interzone-9545\/"},"modified":"2024-06-21T22:35:41","modified_gmt":"2024-06-22T01:35:41","slug":"interzone-9545","status":"publish","type":"product","link":"https:\/\/dantepinturerias.com\/international\/producto\/interzone-9545\/","title":{"rendered":"Interzone 9545"},"content":{"rendered":"","protected":false},"excerpt":{"rendered":"<p>Una tecnolog\u00eda ep\u00f3xica h\u00edbrida de dos componentes, con VOC ultrabajo y de curado r\u00e1pido. Como revestimiento de barrera ep\u00f3xico de alta resistencia formulado para aplicaci\u00f3n con pulverizaci\u00f3n sin aire de una sola rama, Interzone 9545 est\u00e1 dise\u00f1ado para proporcionar protecci\u00f3n contra la corrosi\u00f3n a largo plazo en entornos marinos agresivos. Aprobado para Norsok M-501 System 7A y 7B Interzone 9545 muestra una excelente resistencia a la corrosi\u00f3n, abrasi\u00f3n y desuni\u00f3n cat\u00f3dica. <a href=\"https:\/\/international.brand.akzonobel.com\/m\/40aa4d7085417e77\/original\/Interzone_9545_spa_A4_20231212.pdf\" target=\"_blank\" class=\"btFicha\" download rel=\"noopener\">Ver Ficha T\u00e9cnica<\/a><\/p>\n","protected":false},"featured_media":478,"template":"","meta":[],"product_cat":[20],"product_tag":[],"class_list":{"0":"post-477","1":"product","2":"type-product","3":"status-publish","4":"has-post-thumbnail","6":"product_cat-imprimador-acabado","8":"first","9":"instock","10":"purchasable","11":"product-type-simple"},"_links":{"self":[{"href":"https:\/\/dantepinturerias.com\/international\/wp-json\/wp\/v2\/product\/477","targetHints":{"allow":["GET"]}}],"collection":[{"href":"https:\/\/dantepinturerias.com\/international\/wp-json\/wp\/v2\/product"}],"about":[{"href":"https:\/\/dantepinturerias.com\/international\/wp-json\/wp\/v2\/types\/product"}],"wp:featuredmedia":[{"embeddable":true,"href":"https:\/\/dantepinturerias.com\/international\/wp-json\/wp\/v2\/media\/478"}],"wp:attachment":[{"href":"https:\/\/dantepinturerias.com\/international\/wp-json\/wp\/v2\/media?parent=477"}],"wp:term":[{"taxonomy":"product_cat","embeddable":true,"href":"https:\/\/dantepinturerias.com\/international\/wp-json\/wp\/v2\/product_cat?post=477"},{"taxonomy":"product_tag","embeddable":true,"href":"https:\/\/dantepinturerias.com\/international\/wp-json\/wp\/v2\/product_tag?post=477"}],"curies":[{"name":"wp","href":"https:\/\/api.w.org\/{rel}","templated":true}]}}