{"id":479,"date":"2024-05-10T17:15:03","date_gmt":"2024-05-10T20:15:03","guid":{"rendered":"https:\/\/dantepinturerias.com\/international\/producto\/intergard-343\/"},"modified":"2024-06-21T22:35:38","modified_gmt":"2024-06-22T01:35:38","slug":"intergard-343","status":"publish","type":"product","link":"https:\/\/dantepinturerias.com\/international\/producto\/intergard-343\/","title":{"rendered":"Intergard 343"},"content":{"rendered":"","protected":false},"excerpt":{"rendered":"<p>Un imprimador universal ep\u00f3xico puro para aluminio, de color claro y con alto volumen de s\u00f3lidos, con buena resistencia a la corrosi\u00f3n y la abrasi\u00f3n. Adecuado para aplicaciones a bajas temperaturas. <a href=\"https:\/\/international.brand.akzonobel.com\/m\/3e61def950bb30ac\/original\/Intergard_343_eng_A4_20150205.pdf\" target=\"_blank\" class=\"btFicha\" download rel=\"noopener\">Ver Ficha T\u00e9cnica<\/a><\/p>\n","protected":false},"featured_media":480,"template":"","meta":[],"product_cat":[20],"product_tag":[],"class_list":{"0":"post-479","1":"product","2":"type-product","3":"status-publish","4":"has-post-thumbnail","6":"product_cat-imprimador-acabado","8":"first","9":"instock","10":"purchasable","11":"product-type-simple"},"_links":{"self":[{"href":"https:\/\/dantepinturerias.com\/international\/wp-json\/wp\/v2\/product\/479","targetHints":{"allow":["GET"]}}],"collection":[{"href":"https:\/\/dantepinturerias.com\/international\/wp-json\/wp\/v2\/product"}],"about":[{"href":"https:\/\/dantepinturerias.com\/international\/wp-json\/wp\/v2\/types\/product"}],"wp:featuredmedia":[{"embeddable":true,"href":"https:\/\/dantepinturerias.com\/international\/wp-json\/wp\/v2\/media\/480"}],"wp:attachment":[{"href":"https:\/\/dantepinturerias.com\/international\/wp-json\/wp\/v2\/media?parent=479"}],"wp:term":[{"taxonomy":"product_cat","embeddable":true,"href":"https:\/\/dantepinturerias.com\/international\/wp-json\/wp\/v2\/product_cat?post=479"},{"taxonomy":"product_tag","embeddable":true,"href":"https:\/\/dantepinturerias.com\/international\/wp-json\/wp\/v2\/product_tag?post=479"}],"curies":[{"name":"wp","href":"https:\/\/api.w.org\/{rel}","templated":true}]}}