{"id":483,"date":"2024-05-10T17:15:03","date_gmt":"2024-05-10T20:15:03","guid":{"rendered":"https:\/\/dantepinturerias.com\/international\/producto\/intergard-3500\/"},"modified":"2024-06-21T22:35:38","modified_gmt":"2024-06-22T01:35:38","slug":"intergard-3500","status":"publish","type":"product","link":"https:\/\/dantepinturerias.com\/international\/producto\/intergard-3500\/","title":{"rendered":"Intergard 3500"},"content":{"rendered":"<h3>Caracter\u00edsticas<\/h3>\n<table>\n<tr>\n<td>Qu\u00edmica del Producto<\/td>\n<td>Epoxy<\/td>\n<\/tr>\n<tr>\n<td>S\u00f3lidos de Volumen<\/td>\n<td>94<\/td>\n<\/tr>\n<tr>\n<td>Contenido VOC (m\u00e9todo EPA)<\/td>\n<td>40 g\/lt<\/td>\n<\/tr>\n<tr>\n<td>Opciones de Color<\/td>\n<td>Black<\/td>\n<\/tr>\n<tr>\n<td>Espesor m\u00e1ximo de pel\u00edcula seca<\/td>\n<td>200<\/td>\n<\/tr>\n<tr>\n<td>Espesor m\u00ednimo de pel\u00edcula seca<\/td>\n<td>100<\/td>\n<\/tr>\n<tr>\n<td>N\u00famero de componentes<\/td>\n<td>Multi Pack<\/td>\n<\/tr>\n<\/table>\n","protected":false},"excerpt":{"rendered":"<p>Dise\u00f1ado para uso en la industria ferroviaria como acabado exterior de una capa directo sobre metal o como imprimador para capas finales aprobadas; Intergard 3500 tiene excelentes propiedades de retenci\u00f3n de bordes y proporciona una combinaci\u00f3n de protecci\u00f3n de barrera anticorrosiva. y resistencia a la abrasi\u00f3n, humos qu\u00edmicos y derrames. Intergard 3500 est\u00e1 formulado con s\u00f3lidos ultra altos, lo que brinda una opci\u00f3n donde las regulaciones o las preferencias del cliente requieren recubrimientos con bajos COV y cero HAP <a href=\"https:\/\/international.brand.akzonobel.com\/m\/27d7657cb06547a9\/original\/Intergard_3500_eng_A4_20191021.pdf\" target=\"_blank\" class=\"btFicha\" download rel=\"noopener\">Ver Ficha T\u00e9cnica<\/a><\/p>\n","protected":false},"featured_media":484,"template":"","meta":[],"product_cat":[20],"product_tag":[],"class_list":{"0":"post-483","1":"product","2":"type-product","3":"status-publish","4":"has-post-thumbnail","6":"product_cat-imprimador-acabado","8":"first","9":"instock","10":"purchasable","11":"product-type-simple"},"_links":{"self":[{"href":"https:\/\/dantepinturerias.com\/international\/wp-json\/wp\/v2\/product\/483","targetHints":{"allow":["GET"]}}],"collection":[{"href":"https:\/\/dantepinturerias.com\/international\/wp-json\/wp\/v2\/product"}],"about":[{"href":"https:\/\/dantepinturerias.com\/international\/wp-json\/wp\/v2\/types\/product"}],"wp:featuredmedia":[{"embeddable":true,"href":"https:\/\/dantepinturerias.com\/international\/wp-json\/wp\/v2\/media\/484"}],"wp:attachment":[{"href":"https:\/\/dantepinturerias.com\/international\/wp-json\/wp\/v2\/media?parent=483"}],"wp:term":[{"taxonomy":"product_cat","embeddable":true,"href":"https:\/\/dantepinturerias.com\/international\/wp-json\/wp\/v2\/product_cat?post=483"},{"taxonomy":"product_tag","embeddable":true,"href":"https:\/\/dantepinturerias.com\/international\/wp-json\/wp\/v2\/product_tag?post=483"}],"curies":[{"name":"wp","href":"https:\/\/api.w.org\/{rel}","templated":true}]}}