{"id":487,"date":"2024-05-10T17:15:37","date_gmt":"2024-05-10T20:15:37","guid":{"rendered":"https:\/\/dantepinturerias.com\/international\/producto\/interbuild-1073\/"},"modified":"2024-06-21T22:35:31","modified_gmt":"2024-06-22T01:35:31","slug":"interbuild-1073","status":"publish","type":"product","link":"https:\/\/dantepinturerias.com\/international\/producto\/interbuild-1073\/","title":{"rendered":"Interbuild 1073"},"content":{"rendered":"","protected":false},"excerpt":{"rendered":"<p>Interbuild 1073 es un imprimador epoxi de dos componentes con alto contenido de s\u00f3lidos que normalmente se usa en entornos de mantenimiento debido a sus excelentes propiedades de tolerancia superficial. Con un bajo contenido de VOC, la imprimaci\u00f3n tambi\u00e9n se puede aplicar en ambientes internos y cumple con el est\u00e1ndar de calidad del aire interior estipulado por el M\u00e9todo 24 de la EPA <a href=\"https:\/\/international.brand.akzonobel.com\/m\/1528c03127166fce\/original\/Interbuild_1073_eng_A4_20220606.pdf\" target=\"_blank\" class=\"btFicha\" download rel=\"noopener\">Ver Ficha T\u00e9cnica<\/a><\/p>\n","protected":false},"featured_media":488,"template":"","meta":[],"product_cat":[20],"product_tag":[],"class_list":{"0":"post-487","1":"product","2":"type-product","3":"status-publish","4":"has-post-thumbnail","6":"product_cat-imprimador-acabado","8":"first","9":"instock","10":"purchasable","11":"product-type-simple"},"_links":{"self":[{"href":"https:\/\/dantepinturerias.com\/international\/wp-json\/wp\/v2\/product\/487","targetHints":{"allow":["GET"]}}],"collection":[{"href":"https:\/\/dantepinturerias.com\/international\/wp-json\/wp\/v2\/product"}],"about":[{"href":"https:\/\/dantepinturerias.com\/international\/wp-json\/wp\/v2\/types\/product"}],"wp:featuredmedia":[{"embeddable":true,"href":"https:\/\/dantepinturerias.com\/international\/wp-json\/wp\/v2\/media\/488"}],"wp:attachment":[{"href":"https:\/\/dantepinturerias.com\/international\/wp-json\/wp\/v2\/media?parent=487"}],"wp:term":[{"taxonomy":"product_cat","embeddable":true,"href":"https:\/\/dantepinturerias.com\/international\/wp-json\/wp\/v2\/product_cat?post=487"},{"taxonomy":"product_tag","embeddable":true,"href":"https:\/\/dantepinturerias.com\/international\/wp-json\/wp\/v2\/product_tag?post=487"}],"curies":[{"name":"wp","href":"https:\/\/api.w.org\/{rel}","templated":true}]}}