{"id":517,"date":"2024-05-10T17:17:07","date_gmt":"2024-05-10T20:17:07","guid":{"rendered":"https:\/\/dantepinturerias.com\/international\/producto\/intercure-3240g\/"},"modified":"2024-06-21T22:33:20","modified_gmt":"2024-06-22T01:33:20","slug":"intercure-3240g","status":"publish","type":"product","link":"https:\/\/dantepinturerias.com\/international\/producto\/intercure-3240g\/","title":{"rendered":"Intercure 3240G"},"content":{"rendered":"<h3>Caracter\u00edsticas<\/h3>\n<table>\n<tr>\n<td>Qu\u00edmica del Producto<\/td>\n<td>Direct to Metal Polyaspartic<\/td>\n<\/tr>\n<tr>\n<td>S\u00f3lidos de Volumen<\/td>\n<td>84<\/td>\n<\/tr>\n<tr>\n<td>Contenido VOC (m\u00e9todo EPA)<\/td>\n<td>g\/lt<\/td>\n<\/tr>\n<tr>\n<td>Espesor m\u00e1ximo de pel\u00edcula seca<\/td>\n<td>150<\/td>\n<\/tr>\n<tr>\n<td>Espesor m\u00ednimo de pel\u00edcula seca<\/td>\n<td>80<\/td>\n<\/tr>\n<tr>\n<td>N\u00famero de componentes<\/td>\n<td>Multi Pack<\/td>\n<\/tr>\n<\/table>\n","protected":false},"excerpt":{"rendered":"<p>Un recubrimiento de imprimaci\u00f3n\/acabado poliasp\u00e1rtico de secado r\u00e1pido, de dos componentes, brillante, con bajo VOC y alto contenido de s\u00f3lidos. Intercure 3240G proporciona una productividad mejorada en aplicaciones a temperatura ambiente al tiempo que combina el rendimiento anticorrosivo de los recubrimientos ep\u00f3xicos y la alta est\u00e9tica de las capas finales duraderas contra los rayos UV en una aplicaci\u00f3n de una sola capa. Intercure 3240G se aplica como una sola capa directamente sobre sustratos correctamente preparados utilizando equipos de aplicaci\u00f3n de mezcla manual (una sola pierna) o de mezcla autom\u00e1tica (plural pierna), lo que reduce el tiempo de aplicaci\u00f3n, el consumo de energ\u00eda y los costos de mano de obra en comparaci\u00f3n con aplicaciones de dos capas o aplicaciones de una sola capa. que requieren secado forzado a alta temperatura <a href=\"https:\/\/international.brand.akzonobel.com\/m\/51266976840dfa38\/original\/Intercure_3240G_spa_A4_20220323.pdf\" target=\"_blank\" class=\"btFicha\" download rel=\"noopener\">Ver Ficha T\u00e9cnica<\/a><\/p>\n","protected":false},"featured_media":518,"template":"","meta":[],"product_cat":[20],"product_tag":[],"class_list":{"0":"post-517","1":"product","2":"type-product","3":"status-publish","4":"has-post-thumbnail","6":"product_cat-imprimador-acabado","8":"first","9":"instock","10":"purchasable","11":"product-type-simple"},"_links":{"self":[{"href":"https:\/\/dantepinturerias.com\/international\/wp-json\/wp\/v2\/product\/517","targetHints":{"allow":["GET"]}}],"collection":[{"href":"https:\/\/dantepinturerias.com\/international\/wp-json\/wp\/v2\/product"}],"about":[{"href":"https:\/\/dantepinturerias.com\/international\/wp-json\/wp\/v2\/types\/product"}],"wp:featuredmedia":[{"embeddable":true,"href":"https:\/\/dantepinturerias.com\/international\/wp-json\/wp\/v2\/media\/518"}],"wp:attachment":[{"href":"https:\/\/dantepinturerias.com\/international\/wp-json\/wp\/v2\/media?parent=517"}],"wp:term":[{"taxonomy":"product_cat","embeddable":true,"href":"https:\/\/dantepinturerias.com\/international\/wp-json\/wp\/v2\/product_cat?post=517"},{"taxonomy":"product_tag","embeddable":true,"href":"https:\/\/dantepinturerias.com\/international\/wp-json\/wp\/v2\/product_tag?post=517"}],"curies":[{"name":"wp","href":"https:\/\/api.w.org\/{rel}","templated":true}]}}