{"id":563,"date":"2024-05-10T17:19:55","date_gmt":"2024-05-10T20:19:55","guid":{"rendered":"https:\/\/dantepinturerias.com\/international\/producto\/relest-wind-putty-porefiller-i372-5615\/"},"modified":"2024-06-21T22:33:14","modified_gmt":"2024-06-22T01:33:14","slug":"relest-wind-putty-porefiller-i372-5615","status":"publish","type":"product","link":"https:\/\/dantepinturerias.com\/international\/producto\/relest-wind-putty-porefiller-i372-5615\/","title":{"rendered":"RELEST Wind Putty Porefiller &#8211; I372-5615"},"content":{"rendered":"<h3>Caracter\u00edsticas<\/h3>\n<table>\n<tr>\n<td>Qu\u00edmica del Producto<\/td>\n<td>Poliuretano<\/td>\n<\/tr>\n<tr>\n<td>S\u00f3lidos de Volumen<\/td>\n<td>99<\/td>\n<\/tr>\n<tr>\n<td>Contenido VOC (m\u00e9todo EPA)<\/td>\n<td>g\/lt<\/td>\n<\/tr>\n<tr>\n<td>Opciones de Color<\/td>\n<td>Blue<\/td>\n<\/tr>\n<tr>\n<td>N\u00famero de componentes<\/td>\n<td>Multi Pack<\/td>\n<\/tr>\n<\/table>\n","protected":false},"excerpt":{"rendered":"<p>RELEST Wind Putty Porefiller es un poliuretano 2K para rellenar peque\u00f1os poros. Resistente a los rayos UV y a la intemperie con propiedades de secado muy r\u00e1pido y larga vida \u00fatil. Es compatible con todos los sistemas de recubrimiento RELEST y se puede volver a recubrir sin lijar. <a href=\"https:\/\/international.brand.akzonobel.com\/m\/2e78e378d9d17486\/original\/RELEST_Wind_Putty_Porefiller_eng_A4_20221221.pdf\" target=\"_blank\" class=\"btFicha\" download rel=\"noopener\">Ver Ficha T\u00e9cnica<\/a><\/p>\n","protected":false},"featured_media":564,"template":"","meta":[],"product_cat":[21],"product_tag":[],"class_list":{"0":"post-563","1":"product","2":"type-product","3":"status-publish","4":"has-post-thumbnail","6":"product_cat-tolerante-a-la-superficie","8":"first","9":"instock","10":"purchasable","11":"product-type-simple"},"_links":{"self":[{"href":"https:\/\/dantepinturerias.com\/international\/wp-json\/wp\/v2\/product\/563","targetHints":{"allow":["GET"]}}],"collection":[{"href":"https:\/\/dantepinturerias.com\/international\/wp-json\/wp\/v2\/product"}],"about":[{"href":"https:\/\/dantepinturerias.com\/international\/wp-json\/wp\/v2\/types\/product"}],"wp:featuredmedia":[{"embeddable":true,"href":"https:\/\/dantepinturerias.com\/international\/wp-json\/wp\/v2\/media\/564"}],"wp:attachment":[{"href":"https:\/\/dantepinturerias.com\/international\/wp-json\/wp\/v2\/media?parent=563"}],"wp:term":[{"taxonomy":"product_cat","embeddable":true,"href":"https:\/\/dantepinturerias.com\/international\/wp-json\/wp\/v2\/product_cat?post=563"},{"taxonomy":"product_tag","embeddable":true,"href":"https:\/\/dantepinturerias.com\/international\/wp-json\/wp\/v2\/product_tag?post=563"}],"curies":[{"name":"wp","href":"https:\/\/api.w.org\/{rel}","templated":true}]}}