{"id":593,"date":"2024-05-10T17:22:43","date_gmt":"2024-05-10T20:22:43","guid":{"rendered":"https:\/\/dantepinturerias.com\/international\/producto\/ceilcote-64-lining\/"},"modified":"2024-06-21T22:33:12","modified_gmt":"2024-06-22T01:33:12","slug":"ceilcote-64-lining","status":"publish","type":"product","link":"https:\/\/dantepinturerias.com\/international\/producto\/ceilcote-64-lining\/","title":{"rendered":"Ceilcote 64 Lining"},"content":{"rendered":"<h3>Caracter\u00edsticas<\/h3>\n<table>\n<tr>\n<td>Qu\u00edmica del Producto<\/td>\n<td>Polyester<\/td>\n<\/tr>\n<tr>\n<td>Contenido VOC (m\u00e9todo EPA)<\/td>\n<td>g\/lt<\/td>\n<\/tr>\n<tr>\n<td>N\u00famero de componentes<\/td>\n<td>Multi Pack<\/td>\n<\/tr>\n<\/table>\n","protected":false},"excerpt":{"rendered":"<p>El revestimiento CEILCOTE 64 es un revestimiento resistente que protege el acero y el hormig\u00f3n en servicio de inmersi\u00f3n de productos qu\u00edmicos fuertes. El revestimiento est\u00e1 formulado a partir de resina de poli\u00e9ster, rellenos inertes y refuerzo de fibra de vidrio. Puede soportar temperaturas de soluci\u00f3n de hasta 160 \u00b0F (71 \u00b0C) en servicio de inmersi\u00f3n. <a href=\"https:\/\/international.brand.akzonobel.com\/m\/345231ad0fa939c9\/original\/Ceilcote_64_Lining_eng_A4_20100506.pdf\" target=\"_blank\" class=\"btFicha\" download rel=\"noopener\">Ver Ficha T\u00e9cnica<\/a><\/p>\n","protected":false},"featured_media":594,"template":"","meta":[],"product_cat":[22],"product_tag":[],"class_list":{"0":"post-593","1":"product","2":"type-product","3":"status-publish","4":"has-post-thumbnail","6":"product_cat-revestimiento","8":"first","9":"instock","10":"purchasable","11":"product-type-simple"},"_links":{"self":[{"href":"https:\/\/dantepinturerias.com\/international\/wp-json\/wp\/v2\/product\/593","targetHints":{"allow":["GET"]}}],"collection":[{"href":"https:\/\/dantepinturerias.com\/international\/wp-json\/wp\/v2\/product"}],"about":[{"href":"https:\/\/dantepinturerias.com\/international\/wp-json\/wp\/v2\/types\/product"}],"wp:featuredmedia":[{"embeddable":true,"href":"https:\/\/dantepinturerias.com\/international\/wp-json\/wp\/v2\/media\/594"}],"wp:attachment":[{"href":"https:\/\/dantepinturerias.com\/international\/wp-json\/wp\/v2\/media?parent=593"}],"wp:term":[{"taxonomy":"product_cat","embeddable":true,"href":"https:\/\/dantepinturerias.com\/international\/wp-json\/wp\/v2\/product_cat?post=593"},{"taxonomy":"product_tag","embeddable":true,"href":"https:\/\/dantepinturerias.com\/international\/wp-json\/wp\/v2\/product_tag?post=593"}],"curies":[{"name":"wp","href":"https:\/\/api.w.org\/{rel}","templated":true}]}}