{"id":607,"date":"2024-05-10T17:23:23","date_gmt":"2024-05-10T20:23:23","guid":{"rendered":"https:\/\/dantepinturerias.com\/international\/producto\/ceilcote-68-lining\/"},"modified":"2024-06-21T22:33:12","modified_gmt":"2024-06-22T01:33:12","slug":"ceilcote-68-lining","status":"publish","type":"product","link":"https:\/\/dantepinturerias.com\/international\/producto\/ceilcote-68-lining\/","title":{"rendered":"Ceilcote 68 Lining"},"content":{"rendered":"<h3>Caracter\u00edsticas<\/h3>\n<table>\n<tr>\n<td>Qu\u00edmica del Producto<\/td>\n<td>Epoxy<\/td>\n<\/tr>\n<tr>\n<td>S\u00f3lidos de Volumen<\/td>\n<td>100<\/td>\n<\/tr>\n<tr>\n<td>Contenido VOC (m\u00e9todo EPA)<\/td>\n<td>65 g\/lt<\/td>\n<\/tr>\n<tr>\n<td>Opciones de Color<\/td>\n<td>Gray<\/td>\n<\/tr>\n<tr>\n<td>N\u00famero de componentes<\/td>\n<td>Multi Pack<\/td>\n<\/tr>\n<tr>\n<td>Attributes<\/td>\n<td>Solvent Free<\/td>\n<\/tr>\n<\/table>\n","protected":false},"excerpt":{"rendered":"<p>Revestimiento Ceilcote 68 es un sistema de revestimiento epoxi endurecido, reforzado con fibra de vidrio, desarrollado para la protecci\u00f3n de superficies de concreto y acero que est\u00e1n sujetas a inmersi\u00f3n y ambientes qu\u00edmicos corrosivos.<\/p>\n","protected":false},"featured_media":608,"template":"","meta":[],"product_cat":[22],"product_tag":[],"class_list":{"0":"post-607","1":"product","2":"type-product","3":"status-publish","4":"has-post-thumbnail","6":"product_cat-revestimiento","8":"first","9":"instock","10":"purchasable","11":"product-type-simple"},"_links":{"self":[{"href":"https:\/\/dantepinturerias.com\/international\/wp-json\/wp\/v2\/product\/607","targetHints":{"allow":["GET"]}}],"collection":[{"href":"https:\/\/dantepinturerias.com\/international\/wp-json\/wp\/v2\/product"}],"about":[{"href":"https:\/\/dantepinturerias.com\/international\/wp-json\/wp\/v2\/types\/product"}],"wp:featuredmedia":[{"embeddable":true,"href":"https:\/\/dantepinturerias.com\/international\/wp-json\/wp\/v2\/media\/608"}],"wp:attachment":[{"href":"https:\/\/dantepinturerias.com\/international\/wp-json\/wp\/v2\/media?parent=607"}],"wp:term":[{"taxonomy":"product_cat","embeddable":true,"href":"https:\/\/dantepinturerias.com\/international\/wp-json\/wp\/v2\/product_cat?post=607"},{"taxonomy":"product_tag","embeddable":true,"href":"https:\/\/dantepinturerias.com\/international\/wp-json\/wp\/v2\/product_tag?post=607"}],"curies":[{"name":"wp","href":"https:\/\/api.w.org\/{rel}","templated":true}]}}