{"id":613,"date":"2024-05-10T17:24:11","date_gmt":"2024-05-10T20:24:11","guid":{"rendered":"https:\/\/dantepinturerias.com\/international\/producto\/enviroline-2980\/"},"modified":"2024-06-21T22:33:11","modified_gmt":"2024-06-22T01:33:11","slug":"enviroline-2980","status":"publish","type":"product","link":"https:\/\/dantepinturerias.com\/international\/producto\/enviroline-2980\/","title":{"rendered":"Enviroline 2980"},"content":{"rendered":"<h3>Caracter\u00edsticas<\/h3>\n<table>\n<tr>\n<td>Qu\u00edmica del Producto<\/td>\n<td>Epoxy Novolac<\/td>\n<\/tr>\n<tr>\n<td>S\u00f3lidos de Volumen<\/td>\n<td>96<\/td>\n<\/tr>\n<tr>\n<td>Contenido VOC (m\u00e9todo EPA)<\/td>\n<td>38 g\/lt<\/td>\n<\/tr>\n<tr>\n<td>Espesor m\u00e1ximo de pel\u00edcula seca<\/td>\n<td>800<\/td>\n<\/tr>\n<tr>\n<td>Espesor m\u00ednimo de pel\u00edcula seca<\/td>\n<td>500<\/td>\n<\/tr>\n<tr>\n<td>N\u00famero de componentes<\/td>\n<td>Multi Pack<\/td>\n<\/tr>\n<\/table>\n","protected":false},"excerpt":{"rendered":"<p>Un sistema de revestimiento de dos componentes con un alto contenido de s\u00f3lidos que utiliza tecnolog\u00eda avanzada de epoxi novolaca y pigmentado con tecnolog\u00eda de escamas de vidrio, que proporciona excelente resistencia al impacto, resistencia a la abrasi\u00f3n y propiedades de adhesi\u00f3n.Enviroline 2980 ofrece una excelente resistencia qu\u00edmica y a la temperatura de los productos petroqu\u00edmicos. <a href=\"https:\/\/international.brand.akzonobel.com\/m\/219530b526a37e26\/original\/Enviroline_2980_eng_A4_20150205.pdf\" target=\"_blank\" class=\"btFicha\" download rel=\"noopener\">Ver Ficha T\u00e9cnica<\/a><\/p>\n","protected":false},"featured_media":614,"template":"","meta":[],"product_cat":[22],"product_tag":[],"class_list":{"0":"post-613","1":"product","2":"type-product","3":"status-publish","4":"has-post-thumbnail","6":"product_cat-revestimiento","8":"first","9":"instock","10":"purchasable","11":"product-type-simple"},"_links":{"self":[{"href":"https:\/\/dantepinturerias.com\/international\/wp-json\/wp\/v2\/product\/613","targetHints":{"allow":["GET"]}}],"collection":[{"href":"https:\/\/dantepinturerias.com\/international\/wp-json\/wp\/v2\/product"}],"about":[{"href":"https:\/\/dantepinturerias.com\/international\/wp-json\/wp\/v2\/types\/product"}],"wp:featuredmedia":[{"embeddable":true,"href":"https:\/\/dantepinturerias.com\/international\/wp-json\/wp\/v2\/media\/614"}],"wp:attachment":[{"href":"https:\/\/dantepinturerias.com\/international\/wp-json\/wp\/v2\/media?parent=613"}],"wp:term":[{"taxonomy":"product_cat","embeddable":true,"href":"https:\/\/dantepinturerias.com\/international\/wp-json\/wp\/v2\/product_cat?post=613"},{"taxonomy":"product_tag","embeddable":true,"href":"https:\/\/dantepinturerias.com\/international\/wp-json\/wp\/v2\/product_tag?post=613"}],"curies":[{"name":"wp","href":"https:\/\/api.w.org\/{rel}","templated":true}]}}