{"id":619,"date":"2024-05-10T17:24:11","date_gmt":"2024-05-10T20:24:11","guid":{"rendered":"https:\/\/dantepinturerias.com\/international\/producto\/enviroline-399abr\/"},"modified":"2024-06-21T22:33:12","modified_gmt":"2024-06-22T01:33:12","slug":"enviroline-399abr","status":"publish","type":"product","link":"https:\/\/dantepinturerias.com\/international\/producto\/enviroline-399abr\/","title":{"rendered":"Enviroline 399ABR"},"content":{"rendered":"<h3>Caracter\u00edsticas<\/h3>\n<table>\n<tr>\n<td>Qu\u00edmica del Producto<\/td>\n<td>Epoxy Novolac<\/td>\n<\/tr>\n<tr>\n<td>S\u00f3lidos de Volumen<\/td>\n<td>96<\/td>\n<\/tr>\n<tr>\n<td>Contenido VOC (m\u00e9todo EPA)<\/td>\n<td>g\/lt<\/td>\n<\/tr>\n<tr>\n<td>Opciones de Color<\/td>\n<td>Grey,Green<\/td>\n<\/tr>\n<tr>\n<td>Espesor m\u00e1ximo de pel\u00edcula seca<\/td>\n<td>1250<\/td>\n<\/tr>\n<tr>\n<td>Espesor m\u00ednimo de pel\u00edcula seca<\/td>\n<td>500<\/td>\n<\/tr>\n<tr>\n<td>N\u00famero de componentes<\/td>\n<td>Multi Pack<\/td>\n<\/tr>\n<\/table>\n","protected":false},"excerpt":{"rendered":"<p>Un sistema ep\u00f3xico h\u00edbrido avanzado de capa \u00fanica, de muy alto contenido de s\u00f3lidos, de pel\u00edcula gruesa y de curado r\u00e1pido, dise\u00f1ado exclusivamente para proporcionar una alta resistencia a la abrasi\u00f3n. * Tenga en cuenta que este producto solo est\u00e1 disponible en Norteam\u00e9rica. <a href=\"https:\/\/international.brand.akzonobel.com\/m\/6ae91123353ddde8\/original\/Enviroline_399ABR_eng_usa_LTR_20190930.pdf\" target=\"_blank\" class=\"btFicha\" download rel=\"noopener\">Ver Ficha T\u00e9cnica<\/a><\/p>\n","protected":false},"featured_media":620,"template":"","meta":[],"product_cat":[22],"product_tag":[],"class_list":{"0":"post-619","1":"product","2":"type-product","3":"status-publish","4":"has-post-thumbnail","6":"product_cat-revestimiento","8":"first","9":"instock","10":"purchasable","11":"product-type-simple"},"_links":{"self":[{"href":"https:\/\/dantepinturerias.com\/international\/wp-json\/wp\/v2\/product\/619","targetHints":{"allow":["GET"]}}],"collection":[{"href":"https:\/\/dantepinturerias.com\/international\/wp-json\/wp\/v2\/product"}],"about":[{"href":"https:\/\/dantepinturerias.com\/international\/wp-json\/wp\/v2\/types\/product"}],"wp:featuredmedia":[{"embeddable":true,"href":"https:\/\/dantepinturerias.com\/international\/wp-json\/wp\/v2\/media\/620"}],"wp:attachment":[{"href":"https:\/\/dantepinturerias.com\/international\/wp-json\/wp\/v2\/media?parent=619"}],"wp:term":[{"taxonomy":"product_cat","embeddable":true,"href":"https:\/\/dantepinturerias.com\/international\/wp-json\/wp\/v2\/product_cat?post=619"},{"taxonomy":"product_tag","embeddable":true,"href":"https:\/\/dantepinturerias.com\/international\/wp-json\/wp\/v2\/product_tag?post=619"}],"curies":[{"name":"wp","href":"https:\/\/api.w.org\/{rel}","templated":true}]}}