{"id":64,"date":"2024-05-10T15:36:49","date_gmt":"2024-05-10T18:36:49","guid":{"rendered":"https:\/\/dantepinturerias.com\/international\/producto\/interfine-2700\/"},"modified":"2024-06-21T22:39:52","modified_gmt":"2024-06-22T01:39:52","slug":"interfine-2700","status":"publish","type":"product","link":"https:\/\/dantepinturerias.com\/international\/producto\/interfine-2700\/","title":{"rendered":"Interfine 2700"},"content":{"rendered":"<h3>Caracter\u00edsticas<\/h3>\n<table>\n<tr>\n<td>Qu\u00edmica del Producto<\/td>\n<td>Epoxy Polysiloxane<\/td>\n<\/tr>\n<tr>\n<td>S\u00f3lidos de Volumen<\/td>\n<td>86<\/td>\n<\/tr>\n<tr>\n<td>Contenido VOC (m\u00e9todo EPA)<\/td>\n<td>115 g\/lt<\/td>\n<\/tr>\n<tr>\n<td>Opciones de Color<\/td>\n<td>Disponible en Chromascan<\/td>\n<\/tr>\n<tr>\n<td>Espesor m\u00e1ximo de pel\u00edcula seca<\/td>\n<td>178<\/td>\n<\/tr>\n<tr>\n<td>Espesor m\u00ednimo de pel\u00edcula seca<\/td>\n<td>76<\/td>\n<\/tr>\n<tr>\n<td>N\u00famero de componentes<\/td>\n<td>Multi Pack<\/td>\n<\/tr>\n<\/table>\n","protected":false},"excerpt":{"rendered":"<p>Interfine 2700 es parte de la gama premium de acabados de polisiloxano de International. Est\u00e1 dise\u00f1ado para proporcionar una excelente retenci\u00f3n de color y brillo y brindar una vida \u00fatil prolongada hasta el primer mantenimiento cuando se utiliza como parte de un sistema anticorrosivo de alto rendimiento. Interfine 2700 est\u00e1 dise\u00f1ado para su uso en aquellos sectores del mercado donde el impacto visual es importante y se requiere un alto nivel de apariencia cosm\u00e9tica. <a href=\"https:\/\/international.brand.akzonobel.com\/m\/681f10339c56ca21\/original\/Interfine_2700_spa_usa_LTR_20200123.pdf\" target=\"_blank\" class=\"btFicha\" download rel=\"noopener\">Ver Ficha T\u00e9cnica<\/a><\/p>\n","protected":false},"featured_media":65,"template":"","meta":[],"product_cat":[17],"product_tag":[],"class_list":{"0":"post-64","1":"product","2":"type-product","3":"status-publish","4":"has-post-thumbnail","6":"product_cat-acabado","8":"first","9":"instock","10":"purchasable","11":"product-type-simple"},"_links":{"self":[{"href":"https:\/\/dantepinturerias.com\/international\/wp-json\/wp\/v2\/product\/64","targetHints":{"allow":["GET"]}}],"collection":[{"href":"https:\/\/dantepinturerias.com\/international\/wp-json\/wp\/v2\/product"}],"about":[{"href":"https:\/\/dantepinturerias.com\/international\/wp-json\/wp\/v2\/types\/product"}],"wp:featuredmedia":[{"embeddable":true,"href":"https:\/\/dantepinturerias.com\/international\/wp-json\/wp\/v2\/media\/65"}],"wp:attachment":[{"href":"https:\/\/dantepinturerias.com\/international\/wp-json\/wp\/v2\/media?parent=64"}],"wp:term":[{"taxonomy":"product_cat","embeddable":true,"href":"https:\/\/dantepinturerias.com\/international\/wp-json\/wp\/v2\/product_cat?post=64"},{"taxonomy":"product_tag","embeddable":true,"href":"https:\/\/dantepinturerias.com\/international\/wp-json\/wp\/v2\/product_tag?post=64"}],"curies":[{"name":"wp","href":"https:\/\/api.w.org\/{rel}","templated":true}]}}