{"id":669,"date":"2024-05-10T17:27:44","date_gmt":"2024-05-10T20:27:44","guid":{"rendered":"https:\/\/dantepinturerias.com\/international\/producto\/enviroline-405ht-br\/"},"modified":"2024-06-21T22:33:05","modified_gmt":"2024-06-22T01:33:05","slug":"enviroline-405ht-br","status":"publish","type":"product","link":"https:\/\/dantepinturerias.com\/international\/producto\/enviroline-405ht-br\/","title":{"rendered":"Enviroline 405HT BR"},"content":{"rendered":"<h3>Caracter\u00edsticas<\/h3>\n<table>\n<tr>\n<td>Qu\u00edmica del Producto<\/td>\n<td>Epoxy Novolac<\/td>\n<\/tr>\n<tr>\n<td>S\u00f3lidos de Volumen<\/td>\n<td>90<\/td>\n<\/tr>\n<tr>\n<td>Contenido VOC (m\u00e9todo EPA)<\/td>\n<td>g\/lt<\/td>\n<\/tr>\n<tr>\n<td>Opciones de Color<\/td>\n<td>Tan<\/td>\n<\/tr>\n<tr>\n<td>Espesor m\u00e1ximo de pel\u00edcula seca<\/td>\n<td>250<\/td>\n<\/tr>\n<tr>\n<td>Espesor m\u00ednimo de pel\u00edcula seca<\/td>\n<td>125<\/td>\n<\/tr>\n<tr>\n<td>N\u00famero de componentes<\/td>\n<td>Multi Pack<\/td>\n<\/tr>\n<\/table>\n","protected":false},"excerpt":{"rendered":"<p>Enviroline 405HT BR es una versi\u00f3n con grado de brocha con contenido de s\u00f3lidos ultra alto de Enviroline 405HT y est\u00e1 dise\u00f1ado espec\u00edficamente para la aplicaci\u00f3n de capas de rayas sobre soldaduras y uniones en tanques que requieren una excelente resistencia al calor con una excelente protecci\u00f3n contra la corrosi\u00f3n. <a href=\"https:\/\/international.brand.akzonobel.com\/m\/adc73a77e46ffd4\/original\/Enviroline_405HT_BR_eng_usa_LTR_20200122.pdf\" target=\"_blank\" class=\"btFicha\" download rel=\"noopener\">Ver Ficha T\u00e9cnica<\/a><\/p>\n","protected":false},"featured_media":670,"template":"","meta":[],"product_cat":[22],"product_tag":[],"class_list":{"0":"post-669","1":"product","2":"type-product","3":"status-publish","4":"has-post-thumbnail","6":"product_cat-revestimiento","8":"first","9":"instock","10":"purchasable","11":"product-type-simple"},"_links":{"self":[{"href":"https:\/\/dantepinturerias.com\/international\/wp-json\/wp\/v2\/product\/669","targetHints":{"allow":["GET"]}}],"collection":[{"href":"https:\/\/dantepinturerias.com\/international\/wp-json\/wp\/v2\/product"}],"about":[{"href":"https:\/\/dantepinturerias.com\/international\/wp-json\/wp\/v2\/types\/product"}],"wp:featuredmedia":[{"embeddable":true,"href":"https:\/\/dantepinturerias.com\/international\/wp-json\/wp\/v2\/media\/670"}],"wp:attachment":[{"href":"https:\/\/dantepinturerias.com\/international\/wp-json\/wp\/v2\/media?parent=669"}],"wp:term":[{"taxonomy":"product_cat","embeddable":true,"href":"https:\/\/dantepinturerias.com\/international\/wp-json\/wp\/v2\/product_cat?post=669"},{"taxonomy":"product_tag","embeddable":true,"href":"https:\/\/dantepinturerias.com\/international\/wp-json\/wp\/v2\/product_tag?post=669"}],"curies":[{"name":"wp","href":"https:\/\/api.w.org\/{rel}","templated":true}]}}