{"id":68,"date":"2024-05-10T15:36:49","date_gmt":"2024-05-10T18:36:49","guid":{"rendered":"https:\/\/dantepinturerias.com\/international\/producto\/interh2o-699-pa-series\/"},"modified":"2024-06-21T22:39:51","modified_gmt":"2024-06-22T01:39:51","slug":"interh2o-699-pa-series","status":"publish","type":"product","link":"https:\/\/dantepinturerias.com\/international\/producto\/interh2o-699-pa-series\/","title":{"rendered":"InterH2O 699 PA Series"},"content":{"rendered":"<h3>Caracter\u00edsticas<\/h3>\n<table>\n<tr>\n<td>Qu\u00edmica del Producto<\/td>\n<td>Poliuretano a base de agua<\/td>\n<\/tr>\n<tr>\n<td>S\u00f3lidos de Volumen<\/td>\n<td>46<\/td>\n<\/tr>\n<tr>\n<td>Contenido VOC (m\u00e9todo EPA)<\/td>\n<td>g\/lt<\/td>\n<\/tr>\n<tr>\n<td>Opciones de Color<\/td>\n<td>limited range<\/td>\n<\/tr>\n<tr>\n<td>Espesor m\u00e1ximo de pel\u00edcula seca<\/td>\n<td>70<\/td>\n<\/tr>\n<tr>\n<td>Espesor m\u00ednimo de pel\u00edcula seca<\/td>\n<td>50<\/td>\n<\/tr>\n<tr>\n<td>N\u00famero de componentes<\/td>\n<td>Multi Pack<\/td>\n<\/tr>\n<\/table>\n","protected":false},"excerpt":{"rendered":"<p>Un acabado de poliuretano acr\u00edlico a base de agua de dos componentes y alto rendimiento con excelente apariencia y durabilidad. Un acabado de alta calidad adecuado para su uso en sistemas de revestimiento de nueva construcci\u00f3n que se encuentran en infraestructura comercial, industrias de procesamiento e instalaciones energ\u00e9ticas, adem\u00e1s de ser ideal para los mercados OEM. Aprobado en sistemas de recubrimiento calificados seg\u00fan el est\u00e1ndar de recubrimiento de rendimiento ISO12944:2018. <a href=\"https:\/\/international.brand.akzonobel.com\/m\/20ed914c714fb6e\/original\/InterH2O_699_PA_Series_spa_A4_20240201.pdf\" target=\"_blank\" class=\"btFicha\" download rel=\"noopener\">Ver Ficha T\u00e9cnica<\/a><\/p>\n","protected":false},"featured_media":69,"template":"","meta":[],"product_cat":[17],"product_tag":[],"class_list":{"0":"post-68","1":"product","2":"type-product","3":"status-publish","4":"has-post-thumbnail","6":"product_cat-acabado","8":"first","9":"instock","10":"purchasable","11":"product-type-simple"},"_links":{"self":[{"href":"https:\/\/dantepinturerias.com\/international\/wp-json\/wp\/v2\/product\/68","targetHints":{"allow":["GET"]}}],"collection":[{"href":"https:\/\/dantepinturerias.com\/international\/wp-json\/wp\/v2\/product"}],"about":[{"href":"https:\/\/dantepinturerias.com\/international\/wp-json\/wp\/v2\/types\/product"}],"wp:featuredmedia":[{"embeddable":true,"href":"https:\/\/dantepinturerias.com\/international\/wp-json\/wp\/v2\/media\/69"}],"wp:attachment":[{"href":"https:\/\/dantepinturerias.com\/international\/wp-json\/wp\/v2\/media?parent=68"}],"wp:term":[{"taxonomy":"product_cat","embeddable":true,"href":"https:\/\/dantepinturerias.com\/international\/wp-json\/wp\/v2\/product_cat?post=68"},{"taxonomy":"product_tag","embeddable":true,"href":"https:\/\/dantepinturerias.com\/international\/wp-json\/wp\/v2\/product_tag?post=68"}],"curies":[{"name":"wp","href":"https:\/\/api.w.org\/{rel}","templated":true}]}}