{"id":683,"date":"2024-05-10T17:28:12","date_gmt":"2024-05-10T20:28:12","guid":{"rendered":"https:\/\/dantepinturerias.com\/international\/producto\/enviroline-405htr\/"},"modified":"2024-06-21T22:33:04","modified_gmt":"2024-06-22T01:33:04","slug":"enviroline-405htr","status":"publish","type":"product","link":"https:\/\/dantepinturerias.com\/international\/producto\/enviroline-405htr\/","title":{"rendered":"Enviroline 405HTR"},"content":{"rendered":"<h3>Caracter\u00edsticas<\/h3>\n<table>\n<tr>\n<td>Qu\u00edmica del Producto<\/td>\n<td>Epoxy Novolac<\/td>\n<\/tr>\n<tr>\n<td>S\u00f3lidos de Volumen<\/td>\n<td>98<\/td>\n<\/tr>\n<tr>\n<td>Contenido VOC (m\u00e9todo EPA)<\/td>\n<td>24 g\/lt<\/td>\n<\/tr>\n<tr>\n<td>Opciones de Color<\/td>\n<td>Tan<\/td>\n<\/tr>\n<tr>\n<td>Espesor m\u00e1ximo de pel\u00edcula seca<\/td>\n<td>1500<\/td>\n<\/tr>\n<tr>\n<td>Espesor m\u00ednimo de pel\u00edcula seca<\/td>\n<td>500<\/td>\n<\/tr>\n<tr>\n<td>N\u00famero de componentes<\/td>\n<td>Multi Pack<\/td>\n<\/tr>\n<\/table>\n","protected":false},"excerpt":{"rendered":"<p>Enviroline 405HTR ofrece rendimiento a altas temperaturas junto con una amplia resistencia qu\u00edmica, para una mayor flexibilidad operativa. Formulado con tecnolog\u00eda innovadora de policiclamina, Enviroline 405HTR es un revestimiento ep\u00f3xico novolaca con bajo VOC que permite un r\u00e1pido retorno al servicio en solo 14 horas, minimizando la interrupci\u00f3n del proceso y reduciendo los costos generales de instalaci\u00f3n. Enviroline 405HTR ofrece resistencia a altas temperaturas de hasta 150 \u00b0C (302 \u00b0F) en una variedad de cargas que incluyen petr\u00f3leo crudo y agua producida. <a href=\"https:\/\/international.brand.akzonobel.com\/m\/418faba61d47b376\/original\/Enviroline_405HTR_spa_usa_LTR_20150915.pdf\" target=\"_blank\" class=\"btFicha\" download rel=\"noopener\">Ver Ficha T\u00e9cnica<\/a><\/p>\n","protected":false},"featured_media":684,"template":"","meta":[],"product_cat":[22],"product_tag":[],"class_list":{"0":"post-683","1":"product","2":"type-product","3":"status-publish","4":"has-post-thumbnail","6":"product_cat-revestimiento","8":"first","9":"instock","10":"purchasable","11":"product-type-simple"},"_links":{"self":[{"href":"https:\/\/dantepinturerias.com\/international\/wp-json\/wp\/v2\/product\/683","targetHints":{"allow":["GET"]}}],"collection":[{"href":"https:\/\/dantepinturerias.com\/international\/wp-json\/wp\/v2\/product"}],"about":[{"href":"https:\/\/dantepinturerias.com\/international\/wp-json\/wp\/v2\/types\/product"}],"wp:featuredmedia":[{"embeddable":true,"href":"https:\/\/dantepinturerias.com\/international\/wp-json\/wp\/v2\/media\/684"}],"wp:attachment":[{"href":"https:\/\/dantepinturerias.com\/international\/wp-json\/wp\/v2\/media?parent=683"}],"wp:term":[{"taxonomy":"product_cat","embeddable":true,"href":"https:\/\/dantepinturerias.com\/international\/wp-json\/wp\/v2\/product_cat?post=683"},{"taxonomy":"product_tag","embeddable":true,"href":"https:\/\/dantepinturerias.com\/international\/wp-json\/wp\/v2\/product_tag?post=683"}],"curies":[{"name":"wp","href":"https:\/\/api.w.org\/{rel}","templated":true}]}}