{"id":691,"date":"2024-05-10T17:28:40","date_gmt":"2024-05-10T20:28:40","guid":{"rendered":"https:\/\/dantepinturerias.com\/international\/producto\/ceilcote-282hb-flakeline\/"},"modified":"2024-06-21T22:33:04","modified_gmt":"2024-06-22T01:33:04","slug":"ceilcote-282hb-flakeline","status":"publish","type":"product","link":"https:\/\/dantepinturerias.com\/international\/producto\/ceilcote-282hb-flakeline\/","title":{"rendered":"Ceilcote 282HB Flakeline"},"content":{"rendered":"<h3>Caracter\u00edsticas<\/h3>\n<table>\n<tr>\n<td>Qu\u00edmica del Producto<\/td>\n<td>Novolac Vinyl Ester<\/td>\n<\/tr>\n<tr>\n<td>S\u00f3lidos de Volumen<\/td>\n<td>93<\/td>\n<\/tr>\n<tr>\n<td>Contenido VOC (m\u00e9todo EPA)<\/td>\n<td>271 g\/lt<\/td>\n<\/tr>\n<tr>\n<td>Opciones de Color<\/td>\n<td>Off white,Grey<\/td>\n<\/tr>\n<tr>\n<td>Espesor m\u00e1ximo de pel\u00edcula seca<\/td>\n<td>1250<\/td>\n<\/tr>\n<tr>\n<td>Espesor m\u00ednimo de pel\u00edcula seca<\/td>\n<td>750<\/td>\n<\/tr>\n<tr>\n<td>N\u00famero de componentes<\/td>\n<td>Multi Pack<\/td>\n<\/tr>\n<\/table>\n","protected":false},"excerpt":{"rendered":"<p>Ceilcote 282HB Flakeline tiene una excelente resistencia a ambientes con gases de combusti\u00f3n calientes. El sistema de recubrimiento puede alcanzar un espesor de pel\u00edcula seca de hasta 1350 micrones (54 mils) en una sola capa con o sin el uso de una imprimaci\u00f3n. La intenci\u00f3n es eliminar un paso de aplicaci\u00f3n donde sistemas de recubrimiento similares requieren dos aplicaciones separadas. Ceilcote 282HB Flakeline normalmente se aplica sobre superficies met\u00e1licas con una preparaci\u00f3n adecuada de la superficie. * Tenga en cuenta que este producto solo est\u00e1 disponible en Norteam\u00e9rica. <a href=\"https:\/\/international.brand.akzonobel.com\/m\/716f373cb762e80\/original\/Ceilcote_282HB_Flakeline_eng_usa_LTR_20221118.pdf\" target=\"_blank\" class=\"btFicha\" download rel=\"noopener\">Ver Ficha T\u00e9cnica<\/a><\/p>\n","protected":false},"featured_media":692,"template":"","meta":[],"product_cat":[22],"product_tag":[],"class_list":{"0":"post-691","1":"product","2":"type-product","3":"status-publish","4":"has-post-thumbnail","6":"product_cat-revestimiento","8":"first","9":"instock","10":"purchasable","11":"product-type-simple"},"_links":{"self":[{"href":"https:\/\/dantepinturerias.com\/international\/wp-json\/wp\/v2\/product\/691","targetHints":{"allow":["GET"]}}],"collection":[{"href":"https:\/\/dantepinturerias.com\/international\/wp-json\/wp\/v2\/product"}],"about":[{"href":"https:\/\/dantepinturerias.com\/international\/wp-json\/wp\/v2\/types\/product"}],"wp:featuredmedia":[{"embeddable":true,"href":"https:\/\/dantepinturerias.com\/international\/wp-json\/wp\/v2\/media\/692"}],"wp:attachment":[{"href":"https:\/\/dantepinturerias.com\/international\/wp-json\/wp\/v2\/media?parent=691"}],"wp:term":[{"taxonomy":"product_cat","embeddable":true,"href":"https:\/\/dantepinturerias.com\/international\/wp-json\/wp\/v2\/product_cat?post=691"},{"taxonomy":"product_tag","embeddable":true,"href":"https:\/\/dantepinturerias.com\/international\/wp-json\/wp\/v2\/product_tag?post=691"}],"curies":[{"name":"wp","href":"https:\/\/api.w.org\/{rel}","templated":true}]}}